{"id":152,"date":"2018-03-02T17:55:49","date_gmt":"2018-03-02T16:55:49","guid":{"rendered":"https:\/\/engel-bergbau.de\/?page_id=152"},"modified":"2025-11-27T15:11:21","modified_gmt":"2025-11-27T14:11:21","slug":"sicherheit","status":"publish","type":"page","link":"https:\/\/engel-bergbau.de\/en\/bergbau\/sicherheit\/","title":{"rendered":"Security"},"content":{"rendered":"<p>[et_pb_section fb_built=&#8220;1&#8243; admin_label=&#8220;header_bergbau&#8220; _builder_version=&#8220;4.16&#8243; background_color=&#8220;#e2d4c0&#8243; background_image=&#8220;https:\/\/engel-bergbau.de\/wp-content\/uploads\/2018\/03\/116-Grubenwehr_kl.jpg&#8220; custom_margin=&#8220;|||&#8220; custom_padding=&#8220;10%|0px|10%|0px&#8220; global_colors_info=&#8220;{}&#8220;][\/et_pb_section][et_pb_section fb_built=&#8220;1&#8243; _builder_version=&#8220;4.16&#8243; global_colors_info=&#8220;{}&#8220;][et_pb_row _builder_version=&#8220;4.16&#8243; max_width=&#8220;842px&#8220; module_alignment=&#8220;center&#8220; custom_margin=&#8220;|||&#8220; custom_padding=&#8220;100px||150px|&#8220; use_custom_width=&#8220;on&#8220; custom_width_px=&#8220;842px&#8220; global_colors_info=&#8220;{}&#8220;][et_pb_column type=&#8220;4_4&#8243; _builder_version=&#8220;4.16&#8243; custom_padding=&#8220;|||&#8220; global_colors_info=&#8220;{}&#8220; custom_padding__hover=&#8220;|||&#8220;][et_pb_text admin_label=&#8220;Tittle&#8220; _builder_version=&#8220;4.16&#8243; text_font=&#8220;Nunito||||||||&#8220; text_font_size=&#8220;18px&#8220; text_line_height=&#8220;1.8em&#8220; header_font=&#8220;||||||||&#8220; header_text_align=&#8220;center&#8220; header_3_font=&#8220;Oswald|||on|||||&#8220; header_3_font_size=&#8220;42px&#8220; header_3_letter_spacing=&#8220;2px&#8220; header_3_line_height=&#8220;1.5em&#8220; max_width=&#8220;600%&#8220; max_width_tablet=&#8220;&#8220; max_width_phone=&#8220;&#8220; max_width_last_edited=&#8220;on|phone&#8220; module_alignment=&#8220;left&#8220; custom_margin=&#8220;|||&#8220; locked=&#8220;off&#8220; global_colors_info=&#8220;{}&#8220;]<\/p>\n<h3>Health, safety and the environment<\/h3>\n<p class=\"p1\">Health and safety at work, environmental protection and product excellence are all top priorities for our company and are included in its strategic goals.\u00a0<\/p>\n<p class=\"p1 translation-block\">We constantly strive to ensure the working environment is a safe place for our employees by taking organizational measures, delivering training and providing technical equipment. We pay special attention to prevention, using the DIN ISO 45001 standard to help us. We monitor work environments daily to detect potential risks or dangers and swiftly take any preventive and corrective measures required. \n\nProtecting the environment is important to us, as is protecting the health of our workers. We achieve our objectives in these areas through ongoing prevention, with a focus on key issues that are generally aligned with those of our professional organizations.<\/p>\n<p class=\"p1\">To help with all the above, Gipsbergbau Engel has its own mine rescue team, which also provides vital assistance in hazardous situations and emergencies. Training exercises with realistic scenarios and simulations are regularly organized to fully prepare the team for hazardous and emergency situations, as well as rescue operations, in accordance with the guidelines published by the German Committee for Mine Rescue.<\/p>\n<p>[\/et_pb_text][et_pb_text admin_label=&#8220;Tittle&#8220; _builder_version=&#8220;4.16&#8243; text_font=&#8220;Nunito||||||||&#8220; text_font_size=&#8220;18px&#8220; text_line_height=&#8220;1.8em&#8220; header_font=&#8220;||||||||&#8220; header_text_align=&#8220;center&#8220; header_3_font=&#8220;Oswald|||on|||||&#8220; header_3_font_size=&#8220;42px&#8220; header_3_letter_spacing=&#8220;2px&#8220; header_3_line_height=&#8220;1.5em&#8220; max_width=&#8220;600%&#8220; max_width_tablet=&#8220;&#8220; max_width_phone=&#8220;&#8220; max_width_last_edited=&#8220;on|phone&#8220; module_alignment=&#8220;left&#8220; custom_margin=&#8220;|||&#8220; locked=&#8220;off&#8220; global_colors_info=&#8220;{}&#8220;]<\/p>\n<h3>Mine rescue team<\/h3>\n<p class=\"p1 translation-block\">Our mine rescue team is made up of two rescue officers and two small squads of three rescuers each. If an incident or accident occurs, we initiate an emergency or self-escape plan in accordance with the German Mining Trade Association\u2019s guidelines on organizing, equipping and deploying mine rescue teams. Our rescue equipment also complies with those guidelines and is kept ready for use in a room designed for that purpose.<\/p>\n<p class=\"p1\">With the agreement of the competent mine rescue station, Gipsbergbau Engel and other nearby underground mining companies have signed mutual aid agreements. Joint mine rescue team training exercises are regularly organized with the rescue services.<\/p>\n<p>[\/et_pb_text][\/et_pb_column][\/et_pb_row][\/et_pb_section][et_pb_section fb_built=&#8220;1&#8243; admin_label=&#8220;Footer&#8220; _builder_version=&#8220;3.0.105&#8243; background_color=&#8220;#afafaf&#8220; background_color_gradient_direction=&#8220;90deg&#8220; parallax=&#8220;on&#8220; custom_padding=&#8220;0px|0px|0px|0px&#8220; global_module=&#8220;279&#8243; saved_tabs=&#8220;all&#8220; locked=&#8220;off&#8220; global_colors_info=&#8220;{}&#8220;][et_pb_row column_structure=&#8220;1_3,1_3,1_3&#8243; use_custom_gutter=&#8220;on&#8220; gutter_width=&#8220;1&#8243; make_equal=&#8220;on&#8220; admin_label=&#8220;Footer Row&#8220; module_class=&#8220; et_pb_row_fullwidth&#8220; _builder_version=&#8220;4.16&#8243; width=&#8220;100%&#8220; width_tablet=&#8220;100%&#8220; width_phone=&#8220;&#8220; width_last_edited=&#8220;on|desktop&#8220; max_width=&#8220;100%&#8220; max_width_tablet=&#8220;100%&#8220; max_width_phone=&#8220;&#8220; max_width_last_edited=&#8220;on|desktop&#8220; custom_margin=&#8220;|||&#8220; custom_padding=&#8220;0px|0px|0px|0px&#8220; animation_style=&#8220;fade&#8220; make_fullwidth=&#8220;on&#8220; global_module=&#8220;1616&#8243; global_colors_info=&#8220;{}&#8220;][et_pb_column type=&#8220;1_3&#8243; _builder_version=&#8220;4.16&#8243; background_color=&#8220;rgba(114,114,114,0.99)&#8220; custom_padding=&#8220;30px|5%|10px|10%&#8220; custom_padding_tablet=&#8220;&#8220; custom_padding_phone=&#8220;&#8220; custom_padding_last_edited=&#8220;on|phone&#8220; global_colors_info=&#8220;{}&#8220; padding_last_edited=&#8220;on|phone&#8220; custom_padding__hover=&#8220;|||&#8220;][et_pb_text admin_label=&#8220;Tittle&#8220; _builder_version=&#8220;4.16&#8243; text_font=&#8220;Oswald||||&#8220; link_font=&#8220;||||||||&#8220; ul_font=&#8220;||||||||&#8220; ol_font=&#8220;||||||||&#8220; quote_font=&#8220;||||||||&#8220; header_font=&#8220;||||||||&#8220; header_2_font=&#8220;Oswald|||on|||||&#8220; header_2_text_align=&#8220;left&#8220; header_2_font_size=&#8220;40px&#8220; header_2_letter_spacing=&#8220;2px&#8220; header_2_line_height=&#8220;1.5em&#8220; background_layout=&#8220;dark&#8220; custom_margin=&#8220;||4%|&#8220; locked=&#8220;off&#8220; global_colors_info=&#8220;{}&#8220;]<\/p>\n<h2><span style=\"font-family: inherit; font-weight: normal; font-size: x-large;\">Our offices<\/span><\/h2>\n<p>[\/et_pb_text][et_pb_text admin_label=&#8220;Texts&#8220; _builder_version=&#8220;4.27.4&#8243; text_font=&#8220;||||||||&#8220; link_font=&#8220;|600|||||||&#8220; link_text_color=&#8220;#e09900&#8243; header_font=&#8220;Oswald|||on|&#8220; header_text_color=&#8220;#DCA57D&#8220; header_font_size=&#8220;16px&#8220; header_letter_spacing=&#8220;2px&#8220; header_line_height=&#8220;1.7em&#8220; header_4_font=&#8220;Oswald|||on|||||&#8220; header_4_text_color=&#8220;#DCA57D&#8220; header_4_font_size=&#8220;16px&#8220; header_4_letter_spacing=&#8220;1px&#8220; header_4_line_height=&#8220;1.5em&#8220; background_layout=&#8220;dark&#8220; custom_margin=&#8220;||6%|&#8220; locked=&#8220;off&#8220; global_colors_info=&#8220;{}&#8220;]<\/p>\n<p>Gips Bergbau ENGEL GmbH<br \/>Auf der Hill 6 a<br \/>54295 Trier, Germany<br \/>Phone: +49 651 33131<br \/>Fax: +49 651 308361<br \/><a href=\"mailto:info@engel-bergbau.de\">info@engel-bergbau.de<\/a><\/p>\n<p>[\/et_pb_text][\/et_pb_column][et_pb_column type=&#8220;1_3&#8243; _builder_version=&#8220;4.16&#8243; background_color=&#8220;rgba(114,114,114,0.99)&#8220; custom_padding=&#8220;30px|5%|10px|10%&#8220; global_colors_info=&#8220;{}&#8220; custom_padding__hover=&#8220;|||&#8220;][et_pb_text admin_label=&#8220;Tittle&#8220; _builder_version=&#8220;4.16&#8243; text_font=&#8220;Oswald||||&#8220; header_2_font=&#8220;Oswald|||on|||||&#8220; header_2_text_align=&#8220;left&#8220; header_2_font_size=&#8220;40px&#8220; header_2_letter_spacing=&#8220;2px&#8220; header_2_line_height=&#8220;1.5em&#8220; background_layout=&#8220;dark&#8220; custom_margin=&#8220;||4%|&#8220; custom_padding=&#8220;|10px||&#8220; locked=&#8220;off&#8220; global_colors_info=&#8220;{}&#8220;]<\/p>\n<h2><span style=\"font-family: inherit; font-weight: normal; font-size: x-large;\">Production<\/span><\/h2>\n<p>[\/et_pb_text][et_pb_text admin_label=&#8220;Texts&#8220; _builder_version=&#8220;4.16&#8243; link_font=&#8220;|600|||||||&#8220; link_text_color=&#8220;#e09900&#8243; header_font=&#8220;Oswald|||on|&#8220; header_text_color=&#8220;#dca57d&#8220; header_font_size=&#8220;16px&#8220; header_letter_spacing=&#8220;2px&#8220; header_line_height=&#8220;1.7em&#8220; header_4_font=&#8220;Oswald|||on|||||&#8220; header_4_text_color=&#8220;#dca57d&#8220; header_4_font_size=&#8220;16px&#8220; header_4_letter_spacing=&#8220;1px&#8220; header_4_line_height=&#8220;1.5em&#8220; background_layout=&#8220;dark&#8220; custom_margin=&#8220;||6%|&#8220; locked=&#8220;off&#8220; global_colors_info=&#8220;{}&#8220;]<\/p>\n<p>Gips Bergbau ENGEL GmbH<br \/> Horst-Peter-Stollen<br \/> Zur Gipsgrube 1<br \/> 54310 Ralingen,\nGermany<br \/> Phone: +49 6585 839<br \/> Fax: +49 6585 991218<br \/> <a href=\"mailto:produktion@engel-bergbau.de\">produktion@engel-bergbau.de<\/a><\/p>\n<p>[\/et_pb_text][\/et_pb_column][et_pb_column type=&#8220;1_3&#8243; _builder_version=&#8220;4.16&#8243; background_color=&#8220;rgba(114,114,114,0.99)&#8220; custom_padding=&#8220;30px|5%|10px|10%&#8220; global_colors_info=&#8220;{}&#8220; custom_padding__hover=&#8220;|||&#8220;][et_pb_text admin_label=&#8220;Tittle&#8220; _builder_version=&#8220;4.16&#8243; text_font=&#8220;Oswald||||&#8220; header_2_font=&#8220;Oswald|||on|||||&#8220; header_2_text_align=&#8220;left&#8220; header_2_font_size=&#8220;40px&#8220; header_2_letter_spacing=&#8220;2px&#8220; header_2_line_height=&#8220;1.5em&#8220; background_layout=&#8220;dark&#8220; custom_margin=&#8220;||4%|&#8220; custom_padding=&#8220;|10px||&#8220; global_colors_info=&#8220;{}&#8220;]<\/p>\n<h2><span style=\"font-family: inherit; font-weight: normal; font-size: x-large;\">Links<\/span><\/h2>\n<p>[\/et_pb_text][et_pb_text admin_label=&#8220;Texts&#8220; _builder_version=&#8220;4.27.4&#8243; link_font=&#8220;|600|||||||&#8220; link_text_color=&#8220;#e09900&#8243; header_font=&#8220;Oswald|||on|&#8220; header_text_color=&#8220;#dca57d&#8220; header_font_size=&#8220;16px&#8220; header_letter_spacing=&#8220;2px&#8220; header_line_height=&#8220;1.7em&#8220; header_4_font=&#8220;Oswald|||on|||||&#8220; header_4_text_color=&#8220;#dca57d&#8220; header_4_font_size=&#8220;16px&#8220; header_4_letter_spacing=&#8220;1px&#8220; header_4_line_height=&#8220;1.5em&#8220; background_layout=&#8220;dark&#8220; custom_margin=&#8220;||6%|&#8220; global_colors_info=&#8220;{}&#8220;]<\/p>\n<p><a href=\"https:\/\/engel-bergbau.de\/en\/datenschutzerklaerung\/\">Data privacy<\/a><\/p>\n<p><a href=\"https:\/\/engel-bergbau.de\/en\/gipsbergwerk-engel-gmbh\/impressum\/\">Legal notice<\/a><\/p>\n<p><a href=\"https:\/\/engel-bergbau.de\/en\/gipsbergwerk-engel-gmbh\/kontakt-und-anfahrt\/\">Approach<\/a><\/p>\n<p>[\/et_pb_text][\/et_pb_column][\/et_pb_row][\/et_pb_section]<\/p>","protected":false},"excerpt":{"rendered":"<p>arbeitsSicherheit, umwelt- und gesundheitsschutz Hochqualitative Produkte sowie Arbeitssicherheit, Umwelt- und Gesundheitsschutz sind f\u00fcr uns gleichrangige Unternehmensziele mit Priorit\u00e4t.\u00a0 Arbeitssicherheit streben wir tagt\u00e4glich durch organisatorische, edukative und technische Massnahmen an. Besonders achten wir dabei auf die Pr\u00e4vention und orientieren uns dabei an den Grunds\u00e4tzen der DIN ISO 45001. Wir erfassen tagt\u00e4glich unser Arbeitsumfeld, analysieren es auf [&hellip;]<\/p>","protected":false},"author":1,"featured_media":0,"parent":17,"menu_order":0,"comment_status":"closed","ping_status":"closed","template":"","meta":{"_et_pb_use_builder":"on","_et_pb_old_content":"<div class=\"page\" title=\"Page 1\">\r\n<div class=\"section\">\r\n<div class=\"layoutArea\">\r\n<div class=\"column\">\r\n\r\nSicherheit\r\n\r\n<\/div>\r\n<\/div>\r\n<\/div>\r\n<\/div>","_et_gb_content_width":"","footnotes":""},"class_list":["post-152","page","type-page","status-publish","hentry"],"_links":{"self":[{"href":"https:\/\/engel-bergbau.de\/en\/wp-json\/wp\/v2\/pages\/152","targetHints":{"allow":["GET"]}}],"collection":[{"href":"https:\/\/engel-bergbau.de\/en\/wp-json\/wp\/v2\/pages"}],"about":[{"href":"https:\/\/engel-bergbau.de\/en\/wp-json\/wp\/v2\/types\/page"}],"author":[{"embeddable":true,"href":"https:\/\/engel-bergbau.de\/en\/wp-json\/wp\/v2\/users\/1"}],"replies":[{"embeddable":true,"href":"https:\/\/engel-bergbau.de\/en\/wp-json\/wp\/v2\/comments?post=152"}],"version-history":[{"count":23,"href":"https:\/\/engel-bergbau.de\/en\/wp-json\/wp\/v2\/pages\/152\/revisions"}],"predecessor-version":[{"id":1644,"href":"https:\/\/engel-bergbau.de\/en\/wp-json\/wp\/v2\/pages\/152\/revisions\/1644"}],"up":[{"embeddable":true,"href":"https:\/\/engel-bergbau.de\/en\/wp-json\/wp\/v2\/pages\/17"}],"wp:attachment":[{"href":"https:\/\/engel-bergbau.de\/en\/wp-json\/wp\/v2\/media?parent=152"}],"curies":[{"name":"wp","href":"https:\/\/api.w.org\/{rel}","templated":true}]}}