{"id":113,"date":"2018-03-02T17:44:49","date_gmt":"2018-03-02T16:44:49","guid":{"rendered":"https:\/\/engel-bergbau.de\/?page_id=113"},"modified":"2025-11-27T15:05:43","modified_gmt":"2025-11-27T14:05:43","slug":"ansprechpartner","status":"publish","type":"page","link":"https:\/\/engel-bergbau.de\/fr\/ansprechpartner\/","title":{"rendered":"Personne de contact"},"content":{"rendered":"<p>[et_pb_section fb_built=&#8220;1&#8243; _builder_version=&#8220;4.16&#8243; global_colors_info=&#8220;{}&#8220;][et_pb_row _builder_version=&#8220;4.16&#8243; max_width=&#8220;1295px&#8220; module_alignment=&#8220;center&#8220; use_custom_width=&#8220;on&#8220; custom_width_px=&#8220;1295px&#8220; global_colors_info=&#8220;{}&#8220;][et_pb_column type=&#8220;4_4&#8243; _builder_version=&#8220;4.16&#8243; custom_padding=&#8220;|||&#8220; global_colors_info=&#8220;{}&#8220; custom_padding__hover=&#8220;|||&#8220;][et_pb_text admin_label=&#8220;Tittle&#8220; _builder_version=&#8220;4.16&#8243; text_font=&#8220;Nunito||||||||&#8220; text_font_size=&#8220;18px&#8220; text_line_height=&#8220;1.8em&#8220; header_font=&#8220;||||||||&#8220; header_text_align=&#8220;center&#8220; header_3_font=&#8220;Oswald|||on|||||&#8220; header_3_font_size=&#8220;42px&#8220; header_3_letter_spacing=&#8220;2px&#8220; header_3_line_height=&#8220;1.5em&#8220; max_width=&#8220;600%&#8220; max_width_tablet=&#8220;&#8220; max_width_phone=&#8220;&#8220; max_width_last_edited=&#8220;on|phone&#8220; module_alignment=&#8220;left&#8220; custom_margin=&#8220;|||&#8220; locked=&#8220;off&#8220; global_colors_info=&#8220;{}&#8220;]<\/p>\n<h3>vos CONTACTEURS<\/h3>\n<p class=\"p1\">\n<p>[\/et_pb_text][\/et_pb_column][\/et_pb_row][\/et_pb_section][et_pb_section fb_built=&#8220;1&#8243; _builder_version=&#8220;4.16&#8243; global_colors_info=&#8220;{}&#8220;][et_pb_row _builder_version=&#8220;4.17.4&#8243; max_width=&#8220;842px&#8220; module_alignment=&#8220;center&#8220; custom_padding=&#8220;42.9167px|0px|0px|0px&#8220; use_custom_width=&#8220;on&#8220; custom_width_px=&#8220;610px&#8220; global_colors_info=&#8220;{}&#8220;][et_pb_column type=&#8220;4_4&#8243; _builder_version=&#8220;4.16&#8243; custom_padding=&#8220;|||&#8220; global_colors_info=&#8220;{}&#8220; custom_padding__hover=&#8220;|||&#8220;][et_pb_text admin_label=&#8220;Tittle&#8220; _builder_version=&#8220;4.17.4&#8243; text_font=&#8220;Nunito||||||||&#8220; text_font_size=&#8220;18px&#8220; text_line_height=&#8220;1.8em&#8220; header_font=&#8220;||||||||&#8220; header_text_align=&#8220;center&#8220; header_3_font=&#8220;Oswald|||on|||||&#8220; header_3_font_size=&#8220;42px&#8220; header_3_letter_spacing=&#8220;2px&#8220; header_3_line_height=&#8220;1.5em&#8220; max_width=&#8220;600%&#8220; max_width_tablet=&#8220;&#8220; max_width_phone=&#8220;&#8220; max_width_last_edited=&#8220;on|phone&#8220; module_alignment=&#8220;left&#8220; custom_margin=&#8220;0px||0px||false|false&#8220; custom_padding=&#8220;0px||0px||false|false&#8220; locked=&#8220;off&#8220; global_colors_info=&#8220;{}&#8220;]<\/p>\n<h3><span style=\"font-size: x-large;\">VOS CONTACTS CHEZ NOUS\nADMINISTRATION<\/span><\/h3>\n<p>[\/et_pb_text][\/et_pb_column][\/et_pb_row][et_pb_row column_structure=&#8220;1_3,1_3,1_3&#8243; _builder_version=&#8220;4.17.4&#8243; max_width=&#8220;842px&#8220; module_alignment=&#8220;center&#8220; custom_padding=&#8220;0px||||false|false&#8220; use_custom_width=&#8220;on&#8220; custom_width_px=&#8220;600px&#8220; global_colors_info=&#8220;{}&#8220;][et_pb_column type=&#8220;1_3&#8243; _builder_version=&#8220;4.16&#8243; custom_padding=&#8220;|||&#8220; global_colors_info=&#8220;{}&#8220; custom_padding__hover=&#8220;|||&#8220;][et_pb_image src=&#8220;https:\/\/engel-bergbau.de\/wp-content\/uploads\/2023\/08\/Gipsberwerk_Engel_Lydia_Engel_23.jpg&#8220; alt=&#8220;Lydia Engel Gipsbergbau Engel&#8220; title_text=&#8220;Gipsbergbau_Engel_Lydia_Engel_23&#8243; align_tablet=&#8220;center&#8220; align_phone=&#8220;&#8220; align_last_edited=&#8220;on|desktop&#8220; _builder_version=&#8220;4.21.0&#8243; global_colors_info=&#8220;{}&#8220;][\/et_pb_image][et_pb_blurb title=&#8220;Lydia Engel&#8220; _builder_version=&#8220;4.27.4&#8243; global_colors_info=&#8220;{}&#8220;]<\/p>\n<p><span>Associ\u00e9e g\u00e9rante<\/span><br \/>T\u00e9l.\u00a0: +49 651 33131<br \/>E-mail\u00a0: info@engel-bergbau.de<\/p>\n<p>[\/et_pb_blurb][\/et_pb_column][et_pb_column type=&#8220;1_3&#8243; _builder_version=&#8220;4.16&#8243; custom_padding=&#8220;|0px||&#8220; global_colors_info=&#8220;{}&#8220; custom_padding__hover=&#8220;|||&#8220;][et_pb_image src=&#8220;https:\/\/engel-bergbau.de\/wp-content\/uploads\/2025\/10\/Gipsberwerk_Engel_Christoph_Werwie_Geschaeftsfuehrung.jpg&#8220; alt=&#8220;Manuela Bettendorf Gipsbergbau Engel&#8220; title_text=&#8220;Gipsberwerk_Engel_Christoph_Werwie_Geschaeftsfuehrung&#8220; align_tablet=&#8220;center&#8220; align_phone=&#8220;&#8220; align_last_edited=&#8220;on|desktop&#8220; _builder_version=&#8220;4.27.4&#8243; global_colors_info=&#8220;{}&#8220;][\/et_pb_image][et_pb_blurb title=&#8220;Christoph Werwie&#8220; _builder_version=&#8220;4.27.4&#8243; global_colors_info=&#8220;{}&#8220;]<\/p>\n<p>G\u00e9rant<br \/><span>T\u00e9l.\u00a0: +49 6585 991210<\/span><br \/>E-mail\u00a0: werwie@engel-bergbau.de<\/p>\n<p>[\/et_pb_blurb][\/et_pb_column][et_pb_column type=&#8220;1_3&#8243; _builder_version=&#8220;4.16&#8243; custom_padding=&#8220;|0px||&#8220; global_colors_info=&#8220;{}&#8220; custom_padding__hover=&#8220;|||&#8220;][et_pb_image src=&#8220;https:\/\/engel-bergbau.de\/wp-content\/uploads\/2023\/08\/Gipsberwerk_Engel_Manuela-Bettendorf_23.jpg&#8220; alt=&#8220;Manuela Bettendorf Gipsbergbau Engel&#8220; title_text=&#8220;Gipsbergbau_Engel_Manuela-Bettendorf_23&#8243; align_tablet=&#8220;center&#8220; align_phone=&#8220;&#8220; align_last_edited=&#8220;on|desktop&#8220; _builder_version=&#8220;4.27.4&#8243; global_colors_info=&#8220;{}&#8220;][\/et_pb_image][et_pb_blurb title=&#8220;Manuela Kremer&#8220; _builder_version=&#8220;4.27.4&#8243; _module_preset=&#8220;default&#8220; global_colors_info=&#8220;{}&#8220;]<\/p>\n<p>Assistante de direction<br \/><span>T\u00e9l.\u00a0: +49 651 33131<\/span><br \/>E-mail\u00a0: info@engel-bergbau.de<\/p>\n<p>[\/et_pb_blurb][\/et_pb_column][\/et_pb_row][et_pb_row make_equal=&#8220;on&#8220; _builder_version=&#8220;4.17.4&#8243; max_width=&#8220;842px&#8220; module_alignment=&#8220;center&#8220; custom_padding=&#8220;42.9167px|0px|0px|0px&#8220; use_custom_width=&#8220;on&#8220; custom_width_px=&#8220;610px&#8220; global_colors_info=&#8220;{}&#8220;][et_pb_column type=&#8220;4_4&#8243; _builder_version=&#8220;4.16&#8243; custom_padding=&#8220;|||&#8220; global_colors_info=&#8220;{}&#8220; custom_padding__hover=&#8220;|||&#8220;][et_pb_text admin_label=&#8220;Tittle&#8220; _builder_version=&#8220;4.16&#8243; text_font=&#8220;Nunito||||||||&#8220; text_font_size=&#8220;18px&#8220; text_line_height=&#8220;1.8em&#8220; header_font=&#8220;||||||||&#8220; header_text_align=&#8220;center&#8220; header_3_font=&#8220;Oswald|||on|||||&#8220; header_3_font_size=&#8220;42px&#8220; header_3_letter_spacing=&#8220;2px&#8220; header_3_line_height=&#8220;1.5em&#8220; max_width=&#8220;600%&#8220; max_width_tablet=&#8220;&#8220; max_width_phone=&#8220;&#8220; max_width_last_edited=&#8220;on|phone&#8220; module_alignment=&#8220;left&#8220; custom_margin=&#8220;|||&#8220; locked=&#8220;off&#8220; global_colors_info=&#8220;{}&#8220;]<\/p>\n<h3><span style=\"font-size: x-large;\">PRODUCTION<\/span><\/h3>\n<p>[\/et_pb_text][\/et_pb_column][\/et_pb_row][et_pb_row column_structure=&#8220;1_3,1_3,1_3&#8243; _builder_version=&#8220;4.17.4&#8243; max_width=&#8220;842px&#8220; module_alignment=&#8220;center&#8220; custom_padding=&#8220;0px||||false|false&#8220; use_custom_width=&#8220;on&#8220; custom_width_px=&#8220;600px&#8220; global_colors_info=&#8220;{}&#8220;][et_pb_column type=&#8220;1_3&#8243; _builder_version=&#8220;4.16&#8243; custom_padding=&#8220;|||&#8220; global_colors_info=&#8220;{}&#8220; custom_padding__hover=&#8220;|||&#8220;][et_pb_image src=&#8220;https:\/\/engel-bergbau.de\/wp-content\/uploads\/2025\/10\/Gipsberwerk_Engel_Joy_Engel.jpg&#8220; alt=&#8220;Lydia Engel Gipsbergbau Engel&#8220; title_text=&#8220;Gipsberwerk_Engel_Joy_Engel&#8220; align_tablet=&#8220;center&#8220; align_phone=&#8220;&#8220; align_last_edited=&#8220;on|desktop&#8220; _builder_version=&#8220;4.27.4&#8243; global_colors_info=&#8220;{}&#8220;][\/et_pb_image][et_pb_blurb title=&#8220;Joy Engel&#8220; _builder_version=&#8220;4.27.4&#8243; global_colors_info=&#8220;{}&#8220;]<\/p>\n<p><span>Comblement &amp; Assurance qualit\u00e9<\/span><br \/>T\u00e9l.\u00a0: +49 6585 839<br \/>E-mail\u00a0: versatz@engel-bergbau.de<\/p>\n<p>[\/et_pb_blurb][\/et_pb_column][et_pb_column type=&#8220;1_3&#8243; _builder_version=&#8220;4.16&#8243; custom_padding=&#8220;|0px||&#8220; global_colors_info=&#8220;{}&#8220; custom_padding__hover=&#8220;|||&#8220;][et_pb_image src=&#8220;https:\/\/engel-bergbau.de\/wp-content\/uploads\/2025\/10\/Gipsberwerk_Engel_Sandro_Becker.jpg&#8220; alt=&#8220;Manuela Bettendorf Gipsbergbau Engel&#8220; title_text=&#8220;Gipsberwerk_Engel_Sandro_Becker&#8220; align_tablet=&#8220;center&#8220; align_phone=&#8220;&#8220; align_last_edited=&#8220;on|desktop&#8220; _builder_version=&#8220;4.27.4&#8243; global_colors_info=&#8220;{}&#8220;][\/et_pb_image][et_pb_blurb title=&#8220;Sandro Becker&#8220; _builder_version=&#8220;4.27.4&#8243; global_colors_info=&#8220;{}&#8220;]<\/p>\n<p>Responsable d\u2019exploitation<br \/><span>T\u00e9l.\u00a0: +49 6585 839<\/span><br \/>E-mail\u00a0: produktion@engel-bergbau.de<\/p>\n<p>[\/et_pb_blurb][\/et_pb_column][et_pb_column type=&#8220;1_3&#8243; _builder_version=&#8220;4.16&#8243; custom_padding=&#8220;|0px||&#8220; global_colors_info=&#8220;{}&#8220; custom_padding__hover=&#8220;|||&#8220;][et_pb_image src=&#8220;https:\/\/engel-bergbau.de\/wp-content\/uploads\/2025\/10\/Gipsberwerk_Engel_Niko_Skrabs.jpg&#8220; alt=&#8220;Manuela Bettendorf Gipsbergbau Engel&#8220; title_text=&#8220;Gipsberwerk_Engel_Niko_Skrabs&#8220; align_tablet=&#8220;center&#8220; align_phone=&#8220;&#8220; align_last_edited=&#8220;on|desktop&#8220; _builder_version=&#8220;4.27.4&#8243; global_colors_info=&#8220;{}&#8220;][\/et_pb_image][et_pb_blurb title=&#8220;Niko Skrabs&#8220; _builder_version=&#8220;4.27.4&#8243; _module_preset=&#8220;default&#8220; global_colors_info=&#8220;{}&#8220;]<\/p>\n<p>Responsable d\u2019exploitation adjoint<br \/><span>T\u00e9l.\u00a0: +49 6585 839<\/span><br \/>E-mail\u00a0: versatz@engel-bergbau.de<\/p>\n<p>[\/et_pb_blurb][\/et_pb_column][\/et_pb_row][et_pb_row _builder_version=&#8220;4.16&#8243; global_colors_info=&#8220;{}&#8220;][et_pb_column type=&#8220;4_4&#8243; _builder_version=&#8220;4.16&#8243; custom_padding=&#8220;|||&#8220; global_colors_info=&#8220;{}&#8220; custom_padding__hover=&#8220;|||&#8220;][et_pb_divider show_divider=&#8220;off&#8220; _builder_version=&#8220;4.16&#8243; global_colors_info=&#8220;{}&#8220;][\/et_pb_divider][\/et_pb_column][\/et_pb_row][\/et_pb_section][et_pb_section fb_built=&#8220;1&#8243; admin_label=&#8220;Footer&#8220; _builder_version=&#8220;3.0.105&#8243; background_color=&#8220;#afafaf&#8220; background_color_gradient_direction=&#8220;90deg&#8220; parallax=&#8220;on&#8220; custom_padding=&#8220;0px|0px|0px|0px&#8220; global_module=&#8220;279&#8243; saved_tabs=&#8220;all&#8220; locked=&#8220;off&#8220; global_colors_info=&#8220;{}&#8220;][et_pb_row column_structure=&#8220;1_3,1_3,1_3&#8243; use_custom_gutter=&#8220;on&#8220; gutter_width=&#8220;1&#8243; make_equal=&#8220;on&#8220; admin_label=&#8220;Footer Row&#8220; module_class=&#8220; et_pb_row_fullwidth&#8220; _builder_version=&#8220;4.16&#8243; width=&#8220;100%&#8220; width_tablet=&#8220;100%&#8220; width_phone=&#8220;&#8220; width_last_edited=&#8220;on|desktop&#8220; max_width=&#8220;100%&#8220; max_width_tablet=&#8220;100%&#8220; max_width_phone=&#8220;&#8220; max_width_last_edited=&#8220;on|desktop&#8220; custom_margin=&#8220;|||&#8220; custom_padding=&#8220;0px|0px|0px|0px&#8220; animation_style=&#8220;fade&#8220; make_fullwidth=&#8220;on&#8220; global_module=&#8220;1616&#8243; global_colors_info=&#8220;{}&#8220;][et_pb_column type=&#8220;1_3&#8243; _builder_version=&#8220;4.16&#8243; background_color=&#8220;rgba(114,114,114,0.99)&#8220; custom_padding=&#8220;30px|5%|10px|10%&#8220; custom_padding_tablet=&#8220;&#8220; custom_padding_phone=&#8220;&#8220; custom_padding_last_edited=&#8220;on|phone&#8220; global_colors_info=&#8220;{}&#8220; padding_last_edited=&#8220;on|phone&#8220; custom_padding__hover=&#8220;|||&#8220;][et_pb_text admin_label=&#8220;Tittle&#8220; _builder_version=&#8220;4.16&#8243; text_font=&#8220;Oswald||||&#8220; link_font=&#8220;||||||||&#8220; ul_font=&#8220;||||||||&#8220; ol_font=&#8220;||||||||&#8220; quote_font=&#8220;||||||||&#8220; header_font=&#8220;||||||||&#8220; header_2_font=&#8220;Oswald|||on|||||&#8220; header_2_text_align=&#8220;left&#8220; header_2_font_size=&#8220;40px&#8220; header_2_letter_spacing=&#8220;2px&#8220; header_2_line_height=&#8220;1.5em&#8220; background_layout=&#8220;dark&#8220; custom_margin=&#8220;||4%|&#8220; locked=&#8220;off&#8220; global_colors_info=&#8220;{}&#8220;]<\/p>\n<h2><span style=\"font-family: inherit; font-weight: normal; font-size: x-large;\">Nos bureaux<\/span><\/h2>\n<p>[\/et_pb_text][et_pb_text admin_label=&#8220;Texts&#8220; _builder_version=&#8220;4.27.4&#8243; text_font=&#8220;||||||||&#8220; link_font=&#8220;|600|||||||&#8220; link_text_color=&#8220;#e09900&#8243; header_font=&#8220;Oswald|||on|&#8220; header_text_color=&#8220;#DCA57D&#8220; header_font_size=&#8220;16px&#8220; header_letter_spacing=&#8220;2px&#8220; header_line_height=&#8220;1.7em&#8220; header_4_font=&#8220;Oswald|||on|||||&#8220; header_4_text_color=&#8220;#DCA57D&#8220; header_4_font_size=&#8220;16px&#8220; header_4_letter_spacing=&#8220;1px&#8220; header_4_line_height=&#8220;1.5em&#8220; background_layout=&#8220;dark&#8220; custom_margin=&#8220;||6%|&#8220; locked=&#8220;off&#8220; global_colors_info=&#8220;{}&#8220;]<\/p>\n<p>Gipsbergbau ENGEL GmbH<br \/>Auf der Hill 6 a<br \/>54295 Trier, Allemagne<br \/>T\u00e9l.\u00a0: +49 651 33131<br \/>Fax\u00a0: +49 651 308361<br \/><a href=\"mailto:info@engel-bergbau.de\">info@engel-bergbau.de<\/a><\/p>\n<p>[\/et_pb_text][\/et_pb_column][et_pb_column type=&#8220;1_3&#8243; _builder_version=&#8220;4.16&#8243; background_color=&#8220;rgba(114,114,114,0.99)&#8220; custom_padding=&#8220;30px|5%|10px|10%&#8220; global_colors_info=&#8220;{}&#8220; custom_padding__hover=&#8220;|||&#8220;][et_pb_text admin_label=&#8220;Tittle&#8220; _builder_version=&#8220;4.16&#8243; text_font=&#8220;Oswald||||&#8220; header_2_font=&#8220;Oswald|||on|||||&#8220; header_2_text_align=&#8220;left&#8220; header_2_font_size=&#8220;40px&#8220; header_2_letter_spacing=&#8220;2px&#8220; header_2_line_height=&#8220;1.5em&#8220; background_layout=&#8220;dark&#8220; custom_margin=&#8220;||4%|&#8220; custom_padding=&#8220;|10px||&#8220; locked=&#8220;off&#8220; global_colors_info=&#8220;{}&#8220;]<\/p>\n<h2><span style=\"font-family: inherit; font-weight: normal; font-size: x-large;\">Production<\/span><\/h2>\n<p>[\/et_pb_text][et_pb_text admin_label=&#8220;Texts&#8220; _builder_version=&#8220;4.16&#8243; link_font=&#8220;|600|||||||&#8220; link_text_color=&#8220;#e09900&#8243; header_font=&#8220;Oswald|||on|&#8220; header_text_color=&#8220;#dca57d&#8220; header_font_size=&#8220;16px&#8220; header_letter_spacing=&#8220;2px&#8220; header_line_height=&#8220;1.7em&#8220; header_4_font=&#8220;Oswald|||on|||||&#8220; header_4_text_color=&#8220;#dca57d&#8220; header_4_font_size=&#8220;16px&#8220; header_4_letter_spacing=&#8220;1px&#8220; header_4_line_height=&#8220;1.5em&#8220; background_layout=&#8220;dark&#8220; custom_margin=&#8220;||6%|&#8220; locked=&#8220;off&#8220; global_colors_info=&#8220;{}&#8220;]<\/p>\n<p>Gipsbergbau ENGEL GmbH<br \/> \u00ab\u00a0Horst-Peter-Stollen\u00a0\u00bb<br \/> Zur Gipsgrube 1<br \/> 54310 Ralingen, Allemagne<br \/> T\u00e9l.\u00a0: +49 6585 839<br \/> Fax\u00a0: +49 6585 991218<br \/> <a href=\"mailto:produktion@engel-bergbau.de\">produktion@engel-bergbau.de<\/a><\/p>\n<p>[\/et_pb_text][\/et_pb_column][et_pb_column type=&#8220;1_3&#8243; _builder_version=&#8220;4.16&#8243; background_color=&#8220;rgba(114,114,114,0.99)&#8220; custom_padding=&#8220;30px|5%|10px|10%&#8220; global_colors_info=&#8220;{}&#8220; custom_padding__hover=&#8220;|||&#8220;][et_pb_text admin_label=&#8220;Tittle&#8220; _builder_version=&#8220;4.16&#8243; text_font=&#8220;Oswald||||&#8220; header_2_font=&#8220;Oswald|||on|||||&#8220; header_2_text_align=&#8220;left&#8220; header_2_font_size=&#8220;40px&#8220; header_2_letter_spacing=&#8220;2px&#8220; header_2_line_height=&#8220;1.5em&#8220; background_layout=&#8220;dark&#8220; custom_margin=&#8220;||4%|&#8220; custom_padding=&#8220;|10px||&#8220; global_colors_info=&#8220;{}&#8220;]<\/p>\n<h2><span style=\"font-family: inherit; font-weight: normal; font-size: x-large;\">Liens<\/span><\/h2>\n<p>[\/et_pb_text][et_pb_text admin_label=&#8220;Texts&#8220; _builder_version=&#8220;4.27.4&#8243; link_font=&#8220;|600|||||||&#8220; link_text_color=&#8220;#e09900&#8243; header_font=&#8220;Oswald|||on|&#8220; header_text_color=&#8220;#dca57d&#8220; header_font_size=&#8220;16px&#8220; header_letter_spacing=&#8220;2px&#8220; header_line_height=&#8220;1.7em&#8220; header_4_font=&#8220;Oswald|||on|||||&#8220; header_4_text_color=&#8220;#dca57d&#8220; header_4_font_size=&#8220;16px&#8220; header_4_letter_spacing=&#8220;1px&#8220; header_4_line_height=&#8220;1.5em&#8220; background_layout=&#8220;dark&#8220; custom_margin=&#8220;||6%|&#8220; global_colors_info=&#8220;{}&#8220;]<\/p>\n<p><a href=\"https:\/\/engel-bergbau.de\/fr\/datenschutzerklaerung\/\">Protection des donn\u00e9es<\/a><\/p>\n<p><a href=\"https:\/\/engel-bergbau.de\/fr\/gipsbergwerk-engel-gmbh\/impressum\/\">Mentions l\u00e9gales<\/a><\/p>\n<p><a href=\"https:\/\/engel-bergbau.de\/fr\/gipsbergwerk-engel-gmbh\/kontakt-und-anfahrt\/\">Plan d'acc\u00e8s<\/a><\/p>\n<p>[\/et_pb_text][\/et_pb_column][\/et_pb_row][\/et_pb_section]<\/p>","protected":false},"excerpt":{"rendered":"<p>ihre ANSPRECHPARTNER VERWALTUNG Gesch\u00e4ftsf\u00fchrende GesellschafterinTelefon: +49 651 33131E-Mail: info@engel-bergbau.deGesch\u00e4ftsf\u00fchrungTelefon: +49 6585 991210E-Mail: werwie@engel-bergbau.deAssistenz der Gesch\u00e4ftsf\u00fchrungTelefon: +49 651 33131E-Mail: info@engel-bergbau.deBERGWERK Versatz &amp; Qualit\u00e4tssicherungTelefon: +49 6585 839E-Mail: versatz@engel-bergbau.deBetriebsleiterTelefon: +49 6585 839E-Mail: produktion@engel-bergbau.deStv. BetriebsleiterTelefon: +49 6585 839E-Mail: versatz@engel-bergbau.deVerwaltungGipsbergbau ENGEL GmbHAuf der Hill 6 aD-54295 TrierTelefon: +49 651 33131Telefax: +49 651 308361info@engel-bergbau.deProduktionGipsbergbau ENGEL GmbH Horst-Peter-Stollen Zur Gipsgrube 1 D-54310 [&hellip;]<\/p>","protected":false},"author":1,"featured_media":0,"parent":0,"menu_order":0,"comment_status":"closed","ping_status":"closed","template":"","meta":{"_et_pb_use_builder":"on","_et_pb_old_content":"<div class=\"page\" title=\"Page 1\">\r\n<div class=\"section\">\r\n<div class=\"layoutArea\">\r\n<div class=\"column\">\r\n\r\nAnsprechpartner\r\n\r\n<\/div>\r\n<\/div>\r\n<\/div>\r\n<\/div>","_et_gb_content_width":"","footnotes":""},"class_list":["post-113","page","type-page","status-publish","hentry"],"_links":{"self":[{"href":"https:\/\/engel-bergbau.de\/fr\/wp-json\/wp\/v2\/pages\/113","targetHints":{"allow":["GET"]}}],"collection":[{"href":"https:\/\/engel-bergbau.de\/fr\/wp-json\/wp\/v2\/pages"}],"about":[{"href":"https:\/\/engel-bergbau.de\/fr\/wp-json\/wp\/v2\/types\/page"}],"author":[{"embeddable":true,"href":"https:\/\/engel-bergbau.de\/fr\/wp-json\/wp\/v2\/users\/1"}],"replies":[{"embeddable":true,"href":"https:\/\/engel-bergbau.de\/fr\/wp-json\/wp\/v2\/comments?post=113"}],"version-history":[{"count":44,"href":"https:\/\/engel-bergbau.de\/fr\/wp-json\/wp\/v2\/pages\/113\/revisions"}],"predecessor-version":[{"id":1637,"href":"https:\/\/engel-bergbau.de\/fr\/wp-json\/wp\/v2\/pages\/113\/revisions\/1637"}],"wp:attachment":[{"href":"https:\/\/engel-bergbau.de\/fr\/wp-json\/wp\/v2\/media?parent=113"}],"curies":[{"name":"wp","href":"https:\/\/api.w.org\/{rel}","templated":true}]}}