{"id":115,"date":"2018-03-02T17:45:08","date_gmt":"2018-03-02T16:45:08","guid":{"rendered":"https:\/\/engel-bergbau.de\/?page_id=115"},"modified":"2025-11-27T15:04:55","modified_gmt":"2025-11-27T14:04:55","slug":"mitarbeiter","status":"publish","type":"page","link":"https:\/\/engel-bergbau.de\/fr\/mitarbeiter\/","title":{"rendered":"Collaborateurs"},"content":{"rendered":"<p>[et_pb_section fb_built=&#8220;1&#8243; admin_label=&#8220;header_bergbau&#8220; _builder_version=&#8220;4.27.4&#8243; background_color=&#8220;#e2d4c0&#8243; background_image=&#8220;https:\/\/engel-bergbau.de\/wp-content\/uploads\/2025\/10\/Gipsbergbau-Engel_team_engel_2-2025.jpg&#8220; background_position=&#8220;top_center&#8220; background_vertical_offset=&#8220;50%&#8220; custom_margin=&#8220;|||&#8220; custom_padding=&#8220;10%|0px|10%|0px&#8220; global_colors_info=&#8220;{}&#8220;][\/et_pb_section][et_pb_section fb_built=&#8220;1&#8243; _builder_version=&#8220;4.16&#8243; global_colors_info=&#8220;{}&#8220;][et_pb_row _builder_version=&#8220;4.16&#8243; max_width=&#8220;842px&#8220; module_alignment=&#8220;center&#8220; custom_padding=&#8220;100px||150|&#8220; use_custom_width=&#8220;on&#8220; custom_width_px=&#8220;842px&#8220; global_colors_info=&#8220;{}&#8220;][et_pb_column type=&#8220;4_4&#8243; _builder_version=&#8220;4.16&#8243; custom_padding=&#8220;|||&#8220; global_colors_info=&#8220;{}&#8220; custom_padding__hover=&#8220;|||&#8220;][et_pb_text admin_label=&#8220;Tittle&#8220; _builder_version=&#8220;4.16&#8243; text_font=&#8220;Nunito||||||||&#8220; text_font_size=&#8220;18px&#8220; text_line_height=&#8220;1.8em&#8220; header_font=&#8220;||||||||&#8220; header_text_align=&#8220;center&#8220; header_3_font=&#8220;Oswald|||on|||||&#8220; header_3_font_size=&#8220;42px&#8220; header_3_letter_spacing=&#8220;2px&#8220; header_3_line_height=&#8220;1.5em&#8220; max_width=&#8220;600%&#8220; max_width_tablet=&#8220;&#8220; max_width_phone=&#8220;&#8220; max_width_last_edited=&#8220;on|phone&#8220; module_alignment=&#8220;left&#8220; custom_margin=&#8220;|||&#8220; locked=&#8220;off&#8220; global_colors_info=&#8220;{}&#8220;]<\/p>\n<h3>Notre \u00e9quipe est notre force vive<\/h3>\n<p><strong style=\"font-size: 18px; line-height: 1.8em;\"><br \/>Gr\u00e2ce \u00e0 leur savoir-faire, leur expertise et leurs personnalit\u00e9s, nos employ\u00e9\u00b7es sont les piliers de notre activit\u00e9 et de nos succ\u00e8s.\u00a0Pratiqu\u00e9 dans des conditions particuli\u00e8res, le travail sous terre demande des comp\u00e9tences sp\u00e9cifiques. Pour cette raison, nous investissons dans la formation-m\u00e9tier continue et nous encourageons nos employ\u00e9\u00b7es \u00e0 acqu\u00e9rir des connaissances et des comp\u00e9tences dans bien d\u2019autres domaines.<\/strong><\/p>\n<p class=\"p1\">Entreprise familiale dirig\u00e9e par ses associ\u00e9s, Gipsbergbau Engel mise \u00e0 la fois sur la continuit\u00e9 et sur l\u2019innovation. Nous sommes ouverts aux id\u00e9es nouvelles et aux propositions innovantes de nos employ\u00e9\u00b7es. Dans le m\u00eame temps, nous leur offrons la s\u00e9curit\u00e9 de l\u2019emploi, une grande libert\u00e9 d\u2019organisation et beaucoup d\u2019autonomie. Chez nous la promotion de la sant\u00e9 et de la condition physique ne s\u2019arr\u00eate pas \u00e0 l\u2019\u00e9quipe de sauvetage, elle est l\u2019affaire de toutes et tous.\u00a0\u00a0\u00a0\u00a0<\/p>\n<p class=\"p1\"><strong>L\u2019estime de l\u2019autre, le respect mutuel et la solidarit\u00e9, tant au travail qu\u2019en dehors, sont des valeurs auxquelles nous sommes tr\u00e8s attach\u00e9s en tant qu\u2019entreprise.<\/strong><\/p>\n<p>[\/et_pb_text][\/et_pb_column][\/et_pb_row][\/et_pb_section][et_pb_section fb_built=&#8220;1&#8243; admin_label=&#8220;Footer&#8220; _builder_version=&#8220;3.0.105&#8243; background_color=&#8220;#afafaf&#8220; background_color_gradient_direction=&#8220;90deg&#8220; parallax=&#8220;on&#8220; custom_padding=&#8220;0px|0px|0px|0px&#8220; global_module=&#8220;279&#8243; saved_tabs=&#8220;all&#8220; locked=&#8220;off&#8220; global_colors_info=&#8220;{}&#8220;][et_pb_row column_structure=&#8220;1_3,1_3,1_3&#8243; use_custom_gutter=&#8220;on&#8220; gutter_width=&#8220;1&#8243; make_equal=&#8220;on&#8220; admin_label=&#8220;Footer Row&#8220; module_class=&#8220; et_pb_row_fullwidth&#8220; _builder_version=&#8220;4.16&#8243; width=&#8220;100%&#8220; width_tablet=&#8220;100%&#8220; width_phone=&#8220;&#8220; width_last_edited=&#8220;on|desktop&#8220; max_width=&#8220;100%&#8220; max_width_tablet=&#8220;100%&#8220; max_width_phone=&#8220;&#8220; max_width_last_edited=&#8220;on|desktop&#8220; custom_margin=&#8220;|||&#8220; custom_padding=&#8220;0px|0px|0px|0px&#8220; animation_style=&#8220;fade&#8220; make_fullwidth=&#8220;on&#8220; global_module=&#8220;1616&#8243; global_colors_info=&#8220;{}&#8220;][et_pb_column type=&#8220;1_3&#8243; _builder_version=&#8220;4.16&#8243; background_color=&#8220;rgba(114,114,114,0.99)&#8220; custom_padding=&#8220;30px|5%|10px|10%&#8220; custom_padding_tablet=&#8220;&#8220; custom_padding_phone=&#8220;&#8220; custom_padding_last_edited=&#8220;on|phone&#8220; global_colors_info=&#8220;{}&#8220; padding_last_edited=&#8220;on|phone&#8220; custom_padding__hover=&#8220;|||&#8220;][et_pb_text admin_label=&#8220;Tittle&#8220; _builder_version=&#8220;4.16&#8243; text_font=&#8220;Oswald||||&#8220; link_font=&#8220;||||||||&#8220; ul_font=&#8220;||||||||&#8220; ol_font=&#8220;||||||||&#8220; quote_font=&#8220;||||||||&#8220; header_font=&#8220;||||||||&#8220; header_2_font=&#8220;Oswald|||on|||||&#8220; header_2_text_align=&#8220;left&#8220; header_2_font_size=&#8220;40px&#8220; header_2_letter_spacing=&#8220;2px&#8220; header_2_line_height=&#8220;1.5em&#8220; background_layout=&#8220;dark&#8220; custom_margin=&#8220;||4%|&#8220; locked=&#8220;off&#8220; global_colors_info=&#8220;{}&#8220;]<\/p>\n<h2><span style=\"font-family: inherit; font-weight: normal; font-size: x-large;\">Nos bureaux<\/span><\/h2>\n<p>[\/et_pb_text][et_pb_text admin_label=&#8220;Texts&#8220; _builder_version=&#8220;4.27.4&#8243; text_font=&#8220;||||||||&#8220; link_font=&#8220;|600|||||||&#8220; link_text_color=&#8220;#e09900&#8243; header_font=&#8220;Oswald|||on|&#8220; header_text_color=&#8220;#DCA57D&#8220; header_font_size=&#8220;16px&#8220; header_letter_spacing=&#8220;2px&#8220; header_line_height=&#8220;1.7em&#8220; header_4_font=&#8220;Oswald|||on|||||&#8220; header_4_text_color=&#8220;#DCA57D&#8220; header_4_font_size=&#8220;16px&#8220; header_4_letter_spacing=&#8220;1px&#8220; header_4_line_height=&#8220;1.5em&#8220; background_layout=&#8220;dark&#8220; custom_margin=&#8220;||6%|&#8220; locked=&#8220;off&#8220; global_colors_info=&#8220;{}&#8220;]<\/p>\n<p>Gipsbergbau ENGEL GmbH<br \/>Auf der Hill 6 a<br \/>54295 Trier, Allemagne<br \/>T\u00e9l.\u00a0: +49 651 33131<br \/>Fax\u00a0: +49 651 308361<br \/><a href=\"mailto:info@engel-bergbau.de\">info@engel-bergbau.de<\/a><\/p>\n<p>[\/et_pb_text][\/et_pb_column][et_pb_column type=&#8220;1_3&#8243; _builder_version=&#8220;4.16&#8243; background_color=&#8220;rgba(114,114,114,0.99)&#8220; custom_padding=&#8220;30px|5%|10px|10%&#8220; global_colors_info=&#8220;{}&#8220; custom_padding__hover=&#8220;|||&#8220;][et_pb_text admin_label=&#8220;Tittle&#8220; _builder_version=&#8220;4.16&#8243; text_font=&#8220;Oswald||||&#8220; header_2_font=&#8220;Oswald|||on|||||&#8220; header_2_text_align=&#8220;left&#8220; header_2_font_size=&#8220;40px&#8220; header_2_letter_spacing=&#8220;2px&#8220; header_2_line_height=&#8220;1.5em&#8220; background_layout=&#8220;dark&#8220; custom_margin=&#8220;||4%|&#8220; custom_padding=&#8220;|10px||&#8220; locked=&#8220;off&#8220; global_colors_info=&#8220;{}&#8220;]<\/p>\n<h2><span style=\"font-family: inherit; font-weight: normal; font-size: x-large;\">Production<\/span><\/h2>\n<p>[\/et_pb_text][et_pb_text admin_label=&#8220;Texts&#8220; _builder_version=&#8220;4.16&#8243; link_font=&#8220;|600|||||||&#8220; link_text_color=&#8220;#e09900&#8243; header_font=&#8220;Oswald|||on|&#8220; header_text_color=&#8220;#dca57d&#8220; header_font_size=&#8220;16px&#8220; header_letter_spacing=&#8220;2px&#8220; header_line_height=&#8220;1.7em&#8220; header_4_font=&#8220;Oswald|||on|||||&#8220; header_4_text_color=&#8220;#dca57d&#8220; header_4_font_size=&#8220;16px&#8220; header_4_letter_spacing=&#8220;1px&#8220; header_4_line_height=&#8220;1.5em&#8220; background_layout=&#8220;dark&#8220; custom_margin=&#8220;||6%|&#8220; locked=&#8220;off&#8220; global_colors_info=&#8220;{}&#8220;]<\/p>\n<p>Gipsbergbau ENGEL GmbH<br \/> \u00ab\u00a0Horst-Peter-Stollen\u00a0\u00bb<br \/> Zur Gipsgrube 1<br \/> 54310 Ralingen, Allemagne<br \/> T\u00e9l.\u00a0: +49 6585 839<br \/> Fax\u00a0: +49 6585 991218<br \/> <a href=\"mailto:produktion@engel-bergbau.de\">produktion@engel-bergbau.de<\/a><\/p>\n<p>[\/et_pb_text][\/et_pb_column][et_pb_column type=&#8220;1_3&#8243; _builder_version=&#8220;4.16&#8243; background_color=&#8220;rgba(114,114,114,0.99)&#8220; custom_padding=&#8220;30px|5%|10px|10%&#8220; global_colors_info=&#8220;{}&#8220; custom_padding__hover=&#8220;|||&#8220;][et_pb_text admin_label=&#8220;Tittle&#8220; _builder_version=&#8220;4.16&#8243; text_font=&#8220;Oswald||||&#8220; header_2_font=&#8220;Oswald|||on|||||&#8220; header_2_text_align=&#8220;left&#8220; header_2_font_size=&#8220;40px&#8220; header_2_letter_spacing=&#8220;2px&#8220; header_2_line_height=&#8220;1.5em&#8220; background_layout=&#8220;dark&#8220; custom_margin=&#8220;||4%|&#8220; custom_padding=&#8220;|10px||&#8220; global_colors_info=&#8220;{}&#8220;]<\/p>\n<h2><span style=\"font-family: inherit; font-weight: normal; font-size: x-large;\">Liens<\/span><\/h2>\n<p>[\/et_pb_text][et_pb_text admin_label=&#8220;Texts&#8220; _builder_version=&#8220;4.27.4&#8243; link_font=&#8220;|600|||||||&#8220; link_text_color=&#8220;#e09900&#8243; header_font=&#8220;Oswald|||on|&#8220; header_text_color=&#8220;#dca57d&#8220; header_font_size=&#8220;16px&#8220; header_letter_spacing=&#8220;2px&#8220; header_line_height=&#8220;1.7em&#8220; header_4_font=&#8220;Oswald|||on|||||&#8220; header_4_text_color=&#8220;#dca57d&#8220; header_4_font_size=&#8220;16px&#8220; header_4_letter_spacing=&#8220;1px&#8220; header_4_line_height=&#8220;1.5em&#8220; background_layout=&#8220;dark&#8220; custom_margin=&#8220;||6%|&#8220; global_colors_info=&#8220;{}&#8220;]<\/p>\n<p><a href=\"https:\/\/engel-bergbau.de\/fr\/datenschutzerklaerung\/\">Protection des donn\u00e9es<\/a><\/p>\n<p><a href=\"https:\/\/engel-bergbau.de\/fr\/gipsbergwerk-engel-gmbh\/impressum\/\">Mentions l\u00e9gales<\/a><\/p>\n<p><a href=\"https:\/\/engel-bergbau.de\/fr\/gipsbergwerk-engel-gmbh\/kontakt-und-anfahrt\/\">Plan d'acc\u00e8s<\/a><\/p>\n<p>[\/et_pb_text][\/et_pb_column][\/et_pb_row][\/et_pb_section]<\/p>","protected":false},"excerpt":{"rendered":"<p>Unsere Mitarbeiter sind uns wichtig Ihre F\u00e4higkeiten, Kenntnisse und Pers\u00f6nlichkeiten sind eine wesentliche Grundlage f\u00fcr unsere T\u00e4tigkeit und Erfolge.\u00a0Die besonderen Bedingungen im Bergbau unter Tage erfordern besondere Kenntnisse. Wir bilden unsere Mitarbeiter daher kontinulierlich weiter und unterst\u00fctzen den Erwerb von Kenntnissen und F\u00e4higkeiten auch \u00fcber die unmittelbaren T\u00e4tigkeitsgebiete hinaus. Als inhabergef\u00fchrtes Familienunternehmen sind wir an [&hellip;]<\/p>","protected":false},"author":1,"featured_media":0,"parent":0,"menu_order":0,"comment_status":"closed","ping_status":"closed","template":"","meta":{"_et_pb_use_builder":"on","_et_pb_old_content":"<div class=\"page\" title=\"Page 1\">\r\n<div class=\"section\">\r\n<div class=\"layoutArea\">\r\n<div class=\"column\">\r\n\r\nKarriere\r\n\r\n<\/div>\r\n<\/div>\r\n<\/div>\r\n<\/div>","_et_gb_content_width":"","footnotes":""},"class_list":["post-115","page","type-page","status-publish","hentry"],"_links":{"self":[{"href":"https:\/\/engel-bergbau.de\/fr\/wp-json\/wp\/v2\/pages\/115","targetHints":{"allow":["GET"]}}],"collection":[{"href":"https:\/\/engel-bergbau.de\/fr\/wp-json\/wp\/v2\/pages"}],"about":[{"href":"https:\/\/engel-bergbau.de\/fr\/wp-json\/wp\/v2\/types\/page"}],"author":[{"embeddable":true,"href":"https:\/\/engel-bergbau.de\/fr\/wp-json\/wp\/v2\/users\/1"}],"replies":[{"embeddable":true,"href":"https:\/\/engel-bergbau.de\/fr\/wp-json\/wp\/v2\/comments?post=115"}],"version-history":[{"count":28,"href":"https:\/\/engel-bergbau.de\/fr\/wp-json\/wp\/v2\/pages\/115\/revisions"}],"predecessor-version":[{"id":1636,"href":"https:\/\/engel-bergbau.de\/fr\/wp-json\/wp\/v2\/pages\/115\/revisions\/1636"}],"wp:attachment":[{"href":"https:\/\/engel-bergbau.de\/fr\/wp-json\/wp\/v2\/media?parent=115"}],"curies":[{"name":"wp","href":"https:\/\/api.w.org\/{rel}","templated":true}]}}