{"id":137,"date":"2018-03-02T17:52:16","date_gmt":"2018-03-02T16:52:16","guid":{"rendered":"https:\/\/engel-bergbau.de\/?page_id=137"},"modified":"2025-11-27T14:57:43","modified_gmt":"2025-11-27T13:57:43","slug":"gips-als-biodu%cc%88nger","status":"publish","type":"page","link":"https:\/\/engel-bergbau.de\/fr\/produkte\/gips-als-biodu%cc%88nger\/","title":{"rendered":"Le gypse comme engrais biologique"},"content":{"rendered":"<p>[et_pb_section fb_built=&#8220;1&#8243; admin_label=&#8220;header_bergbau&#8220; _builder_version=&#8220;4.16&#8243; background_color=&#8220;#e2d4c0&#8243; background_image=&#8220;https:\/\/engel-bergbau.de\/wp-content\/uploads\/2018\/04\/F_100170164_L_Mosel-Panorama\u00a9mh90photo.jpg&#8220; custom_margin=&#8220;|||&#8220; custom_padding=&#8220;10%|0px|10%|0px&#8220; global_colors_info=&#8220;{}&#8220;][\/et_pb_section][et_pb_section fb_built=&#8220;1&#8243; specialty=&#8220;on&#8220; _builder_version=&#8220;4.16&#8243; custom_margin=&#8220;50px|||&#8220; global_colors_info=&#8220;{}&#8220;][et_pb_column type=&#8220;2_3&#8243; specialty_columns=&#8220;2&#8243; _builder_version=&#8220;4.16&#8243; custom_padding=&#8220;|||&#8220; global_colors_info=&#8220;{}&#8220; custom_padding__hover=&#8220;|||&#8220;][et_pb_row_inner _builder_version=&#8220;4.16&#8243; custom_padding=&#8220;||6px|&#8220; global_colors_info=&#8220;{}&#8220;][et_pb_column_inner saved_specialty_column_type=&#8220;2_3&#8243; _builder_version=&#8220;4.16&#8243; custom_padding=&#8220;|||&#8220; global_colors_info=&#8220;{}&#8220; custom_padding__hover=&#8220;|||&#8220;][et_pb_text admin_label=&#8220;Tittle&#8220; _builder_version=&#8220;4.16&#8243; text_font=&#8220;Nunito||||||||&#8220; text_font_size=&#8220;18px&#8220; text_line_height=&#8220;1.8em&#8220; header_font=&#8220;||||||||&#8220; header_text_align=&#8220;center&#8220; header_3_font=&#8220;Oswald|||on|||||&#8220; header_3_font_size=&#8220;42px&#8220; header_3_letter_spacing=&#8220;2px&#8220; header_3_line_height=&#8220;1.5em&#8220; max_width=&#8220;600%&#8220; max_width_tablet=&#8220;&#8220; max_width_phone=&#8220;&#8220; max_width_last_edited=&#8220;on|phone&#8220; module_alignment=&#8220;left&#8220; custom_margin=&#8220;|||&#8220; locked=&#8220;off&#8220; global_colors_info=&#8220;{}&#8220;]<\/p>\n<h3 class=\"translation-block\">Le gypse et l\u2019anhydrite naturels comme engrais\u2028(sulfate de calcium)<\/h3>\n<p class=\"p1 translation-block\"><strong>Nos sulfates de calcium et de soufre sont vendus en vrac, sous le nom de <span style=\"color : #6d0f18\">Minerosul 40<span style=\"line-height: 18px\">\u00ae<\/span>.<\/span> <br><span style=\"color: #6d0f18\">Le Minerosul 40\u00ae<\/span>\u00a0est compos\u00e9 de roche de gypse et d\u2019anhydrite naturels et disponible en granulom\u00e9tries de 0\u00a0\u00e0\u00a02\u00a0mm. Il est parfait pour une application par \u00e9pandage. Le gypse est un sel naturel qui ne modifie pas le pH du sol. En favorisant la cr\u00e9ation de liaisons entre l\u2019argile et l\u2019humus (la formation de complexes argilo-humiques), le calcium am\u00e9liore la structure du sol. Les ions de sulfates sont absorb\u00e9s directement par les plantes et fournissent celles-ci en soufre.\u00a0<\/strong><\/p>\n<p class=\"p1\"><span style=\"color: #6d0f18;\"><strong>Le soufre (S) a des fonctions essentielles pour la plante\u00a0:<\/strong><\/span><\/p>\n<ul class=\"ul1\">\n<li class=\"li1\">C\u2019est un des nutriments fondamentaux pour les plantes.<\/li>\n<li class=\"li1\">Il est indispensable \u00e0 la synth\u00e8se des acides amin\u00e9s soufr\u00e9s, tels que la cystine et la m\u00e9thionine, et impacte ainsi tout le processus de la biosynth\u00e8se des prot\u00e9ines.<\/li>\n<li class=\"li1\">Il augmente l\u2019efficacit\u00e9 de l\u2019azote.<\/li>\n<li class=\"li1\">Il est essentiel pour la production des m\u00e9tabolites secondaires soufr\u00e9s des plantes (p.\u00a0ex. les glucosinolates dans le colza).<\/li>\n<li class=\"li1\">C\u2019est un des \u00e9l\u00e9ments constitutifs de la vitamine B1 (contenue dans les c\u00e9r\u00e9ales, les l\u00e9gumineuses).<\/li>\n<li class=\"li1\">La pr\u00e9sence d\u2019une quantit\u00e9 suffisante de soufre est indispensable pour la fixation symbiotique de l\u2019azote (N).<\/li>\n<\/ul>\n<p class=\"p1\"><strong><span style=\"color: #6d0f18;\">Cons\u00e9quences d\u2019une carence en soufre\u00a0:<\/span><\/strong><\/p>\n<ul>\n<li class=\"li1\">\n<p class=\"p1\">La plante utilise moins efficacement l\u2019azote.<\/p>\n<\/li>\n<li class=\"li1\">\n<p class=\"p1\">Son cycle de l\u2019azote est pour ainsi dire bloqu\u00e9.<\/p>\n<\/li>\n<li class=\"li1\">\n<p class=\"p1\">Le rapport azote\u00a0\/\u00a0soufre augmente, la teneur en nitrates aussi.<\/p>\n<\/li>\n<li class=\"li1\">\n<p class=\"p1\">Le nombre de nodules diminue, la plante fixe moins d\u2019azote.<\/p>\n<\/li>\n<\/ul>\n<p class=\"p1\"><span style=\"color: #6d0f18;\"><strong>La dynamique du soufre dans le sol\u00a0:<\/strong><\/span><\/p>\n<ul>\n<li class=\"li1\">\n<p class=\"p1\">Dans le sol, le soufre se pr\u00e9sente essentiellement sous forme de compos\u00e9 organique.<\/p>\n<\/li>\n<li class=\"li1\">\n<p class=\"p1 translation-block\">Apr\u00e8s sa min\u00e9ralisation, le soufre est g\u00e9n\u00e9ralement absorb\u00e9 sous forme d\u2019ions de sulfate (SO<sub>4<\/sub> <sup>2<\/sup>) solubles dans l\u2019eau, et se d\u00e9pose rapidement dans le sol, comme les nitrates.<\/p>\n<\/li>\n<li class=\"li1\">\n<p class=\"p1\">L\u2019eau qui monte du sous-sol par capillarit\u00e9 peut engendrer une augmentation des sulfates dans la zone racinaire des plantes (dans les sols profonds, p.\u00a0ex. les sols limoneux et argileux).<\/p>\n<\/li>\n<li class=\"li1\">\n<p class=\"p1 translation-block\">Les roches de gypse \/ anhydrite naturels d\u2019une composition similaire \u00e0 celle du <\/span><span style=\"color: #6d0f18\">Minerosul 40\u00ae<\/span>\u00a0lib\u00e8rent imm\u00e9diatement une partie de leur composante sulfat\u00e9e, puis le reste en diff\u00e9r\u00e9. Elles contribuent ainsi \u00e0 am\u00e9liorer la structure du sol.<\/p>\n<\/li>\n<\/ul>\n<p class=\"p1\"><span style=\"color: #6d0f18;\"><strong>Sites pr\u00e9sentant des carences en soufre\u00a0:<\/strong><\/span><\/p>\n<ul>\n<li class=\"li1\">\n<p class=\"p1\">Sols l\u00e9gers, sols peu profonds, notamment en p\u00e9riode de fortes pr\u00e9cipitations.<\/p>\n<\/li>\n<li class=\"li1\">\n<p class=\"p1\">Sites froids, \u00e0 faible activit\u00e9 de d\u00e9composition.<\/p>\n<\/li>\n<\/ul>\n<p class=\"p1 translation-block\">Le <span style=\"color: #6d0f18\">Minerosul 40\u00ae<\/span>\u00a0a une teneur en sulfates de plus de 40%.<\/p>\n<p>[\/et_pb_text][\/et_pb_column_inner][\/et_pb_row_inner][et_pb_row_inner _builder_version=&#8220;4.16&#8243; global_colors_info=&#8220;{}&#8220;][et_pb_column_inner saved_specialty_column_type=&#8220;2_3&#8243; _builder_version=&#8220;4.16&#8243; custom_padding=&#8220;|||&#8220; global_colors_info=&#8220;{}&#8220; custom_padding__hover=&#8220;|||&#8220;][et_pb_image src=&#8220;https:\/\/engel-bergbau.de\/wp-content\/uploads\/2018\/04\/Untersuchungsbericht-Lufa-1.jpg&#8220; align_tablet=&#8220;center&#8220; align_last_edited=&#8220;on|desktop&#8220; _builder_version=&#8220;4.16&#8243; global_colors_info=&#8220;{}&#8220; align_phone=&#8220;center&#8220;][\/et_pb_image][\/et_pb_column_inner][\/et_pb_row_inner][\/et_pb_column][et_pb_column type=&#8220;1_3&#8243; _builder_version=&#8220;4.16&#8243; custom_padding=&#8220;|||&#8220; global_colors_info=&#8220;{}&#8220; custom_padding__hover=&#8220;|||&#8220;][et_pb_image align_tablet=&#8220;center&#8220; align_last_edited=&#8220;on|desktop&#8220; _builder_version=&#8220;4.16&#8243; global_colors_info=&#8220;{}&#8220; align_phone=&#8220;center&#8220;][\/et_pb_image][et_pb_image src=&#8220;https:\/\/engel-bergbau.de\/wp-content\/uploads\/2018\/08\/FendtKipper-500&#215;325.jpg&#8220; align_tablet=&#8220;center&#8220; align_last_edited=&#8220;on|desktop&#8220; admin_label=&#8220;Bild&#8220; _builder_version=&#8220;4.16&#8243; max_width=&#8220;90%&#8220; module_alignment=&#8220;center&#8220; global_colors_info=&#8220;{}&#8220; align_phone=&#8220;center&#8220;][\/et_pb_image][et_pb_image src=&#8220;https:\/\/engel-bergbau.de\/wp-content\/uploads\/2018\/08\/Gips-Anhydritgestein-500&#215;325.jpg&#8220; align_tablet=&#8220;center&#8220; align_last_edited=&#8220;on|desktop&#8220; admin_label=&#8220;Bild&#8220; _builder_version=&#8220;4.16&#8243; max_width=&#8220;90%&#8220; module_alignment=&#8220;center&#8220; global_colors_info=&#8220;{}&#8220; align_phone=&#8220;center&#8220;][\/et_pb_image][et_pb_image src=&#8220;https:\/\/engel-bergbau.de\/wp-content\/uploads\/2018\/08\/Gips-Anhydridstein2-500&#215;325.jpg&#8220; align_tablet=&#8220;center&#8220; align_last_edited=&#8220;on|desktop&#8220; admin_label=&#8220;Bild&#8220; _builder_version=&#8220;4.16&#8243; max_width=&#8220;90%&#8220; module_alignment=&#8220;center&#8220; global_colors_info=&#8220;{}&#8220; align_phone=&#8220;center&#8220;][\/et_pb_image][\/et_pb_column][\/et_pb_section][et_pb_section fb_built=&#8220;1&#8243; theme_builder_area=&#8220;post_content&#8220; _builder_version=&#8220;4.27.4&#8243; _module_preset=&#8220;default&#8220;][et_pb_row column_structure=&#8220;1_3,1_3,1_3&#8243; use_custom_gutter=&#8220;on&#8220; gutter_width=&#8220;1&#8243; make_equal=&#8220;on&#8220; admin_label=&#8220;Footer Row&#8220; module_class=&#8220; et_pb_row_fullwidth&#8220; _builder_version=&#8220;4.16&#8243; width=&#8220;100%&#8220; width_tablet=&#8220;100%&#8220; width_phone=&#8220;&#8220; width_last_edited=&#8220;on|desktop&#8220; max_width=&#8220;100%&#8220; max_width_tablet=&#8220;100%&#8220; max_width_phone=&#8220;&#8220; max_width_last_edited=&#8220;on|desktop&#8220; custom_margin=&#8220;|||&#8220; custom_padding=&#8220;0px|0px|0px|0px&#8220; animation_style=&#8220;fade&#8220; make_fullwidth=&#8220;on&#8220; global_colors_info=&#8220;{}&#8220; global_module=&#8220;1616&#8243; theme_builder_area=&#8220;post_content&#8220;][et_pb_column type=&#8220;1_3&#8243; _builder_version=&#8220;4.16&#8243; background_color=&#8220;rgba(114,114,114,0.99)&#8220; custom_padding=&#8220;30px|5%|10px|10%&#8220; custom_padding_tablet=&#8220;&#8220; custom_padding_phone=&#8220;&#8220; custom_padding_last_edited=&#8220;on|phone&#8220; global_colors_info=&#8220;{}&#8220; padding_last_edited=&#8220;on|phone&#8220; custom_padding__hover=&#8220;|||&#8220; theme_builder_area=&#8220;post_content&#8220;][et_pb_text admin_label=&#8220;Tittle&#8220; _builder_version=&#8220;4.16&#8243; text_font=&#8220;Oswald||||&#8220; link_font=&#8220;||||||||&#8220; ul_font=&#8220;||||||||&#8220; ol_font=&#8220;||||||||&#8220; quote_font=&#8220;||||||||&#8220; header_font=&#8220;||||||||&#8220; header_2_font=&#8220;Oswald|||on|||||&#8220; header_2_text_align=&#8220;left&#8220; header_2_font_size=&#8220;40px&#8220; header_2_letter_spacing=&#8220;2px&#8220; header_2_line_height=&#8220;1.5em&#8220; background_layout=&#8220;dark&#8220; custom_margin=&#8220;||4%|&#8220; locked=&#8220;off&#8220; global_colors_info=&#8220;{}&#8220; theme_builder_area=&#8220;post_content&#8220;]<\/p>\n<h2><span style=\"font-family: inherit; font-weight: normal; font-size: x-large;\">Nos bureaux<\/span><\/h2>\n<p>[\/et_pb_text][et_pb_text admin_label=&#8220;Texts&#8220; _builder_version=&#8220;4.27.4&#8243; text_font=&#8220;||||||||&#8220; link_font=&#8220;|600|||||||&#8220; link_text_color=&#8220;#e09900&#8243; header_font=&#8220;Oswald|||on|&#8220; header_text_color=&#8220;#DCA57D&#8220; header_font_size=&#8220;16px&#8220; header_letter_spacing=&#8220;2px&#8220; header_line_height=&#8220;1.7em&#8220; header_4_font=&#8220;Oswald|||on|||||&#8220; header_4_text_color=&#8220;#DCA57D&#8220; header_4_font_size=&#8220;16px&#8220; header_4_letter_spacing=&#8220;1px&#8220; header_4_line_height=&#8220;1.5em&#8220; background_layout=&#8220;dark&#8220; custom_margin=&#8220;||6%|&#8220; locked=&#8220;off&#8220; global_colors_info=&#8220;{}&#8220; theme_builder_area=&#8220;post_content&#8220;]<\/p>\n<p>Gipsbergbau ENGEL GmbH<br \/>Auf der Hill 6 a<br \/>54295 Trier, Allemagne<br \/>T\u00e9l.\u00a0: +49 651 33131<br \/>Fax\u00a0: +49 651 308361<br \/><a href=\"mailto:info@engel-bergbau.de\">info@engel-bergbau.de<\/a><\/p>\n<p>[\/et_pb_text][\/et_pb_column][et_pb_column type=&#8220;1_3&#8243; _builder_version=&#8220;4.16&#8243; background_color=&#8220;rgba(114,114,114,0.99)&#8220; custom_padding=&#8220;30px|5%|10px|10%&#8220; global_colors_info=&#8220;{}&#8220; custom_padding__hover=&#8220;|||&#8220; theme_builder_area=&#8220;post_content&#8220;][et_pb_text admin_label=&#8220;Tittle&#8220; _builder_version=&#8220;4.16&#8243; text_font=&#8220;Oswald||||&#8220; header_2_font=&#8220;Oswald|||on|||||&#8220; header_2_text_align=&#8220;left&#8220; header_2_font_size=&#8220;40px&#8220; header_2_letter_spacing=&#8220;2px&#8220; header_2_line_height=&#8220;1.5em&#8220; background_layout=&#8220;dark&#8220; custom_margin=&#8220;||4%|&#8220; custom_padding=&#8220;|10px||&#8220; locked=&#8220;off&#8220; global_colors_info=&#8220;{}&#8220; theme_builder_area=&#8220;post_content&#8220;]<\/p>\n<h2><span style=\"font-family: inherit; font-weight: normal; font-size: x-large;\">Production<\/span><\/h2>\n<p>[\/et_pb_text][et_pb_text admin_label=&#8220;Texts&#8220; _builder_version=&#8220;4.16&#8243; link_font=&#8220;|600|||||||&#8220; link_text_color=&#8220;#e09900&#8243; header_font=&#8220;Oswald|||on|&#8220; header_text_color=&#8220;#dca57d&#8220; header_font_size=&#8220;16px&#8220; header_letter_spacing=&#8220;2px&#8220; header_line_height=&#8220;1.7em&#8220; header_4_font=&#8220;Oswald|||on|||||&#8220; header_4_text_color=&#8220;#dca57d&#8220; header_4_font_size=&#8220;16px&#8220; header_4_letter_spacing=&#8220;1px&#8220; header_4_line_height=&#8220;1.5em&#8220; background_layout=&#8220;dark&#8220; custom_margin=&#8220;||6%|&#8220; locked=&#8220;off&#8220; global_colors_info=&#8220;{}&#8220; theme_builder_area=&#8220;post_content&#8220;]<\/p>\n<p>Gipsbergbau ENGEL GmbH<br \/> \u00ab\u00a0Horst-Peter-Stollen\u00a0\u00bb<br \/> Zur Gipsgrube 1<br \/> 54310 Ralingen, Allemagne<br \/> T\u00e9l.\u00a0: +49 6585 839<br \/> Fax\u00a0: +49 6585 991218<br \/> <a href=\"mailto:produktion@engel-bergbau.de\">produktion@engel-bergbau.de<\/a><\/p>\n<p>[\/et_pb_text][\/et_pb_column][et_pb_column type=&#8220;1_3&#8243; _builder_version=&#8220;4.16&#8243; background_color=&#8220;rgba(114,114,114,0.99)&#8220; custom_padding=&#8220;30px|5%|10px|10%&#8220; global_colors_info=&#8220;{}&#8220; custom_padding__hover=&#8220;|||&#8220; theme_builder_area=&#8220;post_content&#8220;][et_pb_text admin_label=&#8220;Tittle&#8220; _builder_version=&#8220;4.16&#8243; text_font=&#8220;Oswald||||&#8220; header_2_font=&#8220;Oswald|||on|||||&#8220; header_2_text_align=&#8220;left&#8220; header_2_font_size=&#8220;40px&#8220; header_2_letter_spacing=&#8220;2px&#8220; header_2_line_height=&#8220;1.5em&#8220; background_layout=&#8220;dark&#8220; custom_margin=&#8220;||4%|&#8220; custom_padding=&#8220;|10px||&#8220; global_colors_info=&#8220;{}&#8220; theme_builder_area=&#8220;post_content&#8220;]<\/p>\n<h2><span style=\"font-family: inherit; font-weight: normal; font-size: x-large;\">Liens<\/span><\/h2>\n<p>[\/et_pb_text][et_pb_text admin_label=&#8220;Texts&#8220; _builder_version=&#8220;4.27.4&#8243; link_font=&#8220;|600|||||||&#8220; link_text_color=&#8220;#e09900&#8243; header_font=&#8220;Oswald|||on|&#8220; header_text_color=&#8220;#dca57d&#8220; header_font_size=&#8220;16px&#8220; header_letter_spacing=&#8220;2px&#8220; header_line_height=&#8220;1.7em&#8220; header_4_font=&#8220;Oswald|||on|||||&#8220; header_4_text_color=&#8220;#dca57d&#8220; header_4_font_size=&#8220;16px&#8220; header_4_letter_spacing=&#8220;1px&#8220; header_4_line_height=&#8220;1.5em&#8220; background_layout=&#8220;dark&#8220; custom_margin=&#8220;||6%|&#8220; global_colors_info=&#8220;{}&#8220; theme_builder_area=&#8220;post_content&#8220;]<\/p>\n<p><a href=\"https:\/\/engel-bergbau.de\/fr\/datenschutzerklaerung\/\">Protection des donn\u00e9es<\/a><\/p>\n<p><a href=\"https:\/\/engel-bergbau.de\/fr\/gipsbergwerk-engel-gmbh\/impressum\/\">Mentions l\u00e9gales<\/a><\/p>\n<p><a href=\"https:\/\/engel-bergbau.de\/fr\/gipsbergwerk-engel-gmbh\/kontakt-und-anfahrt\/\">Plan d'acc\u00e8s<\/a><\/p>\n<p>[\/et_pb_text][\/et_pb_column][\/et_pb_row][\/et_pb_section]<\/p>","protected":false},"excerpt":{"rendered":"<p>Naturgips und Naturanhydrit als D\u00fcnger(calciumsulfatd\u00fcnger) Wir liefern (lose) als Calcium- bzw. Schwefel-\/Sulfatd\u00fcnger unser Minerosul 40\u00ae. Minerosul 40\u00ae\u00a0besteht aus nat\u00fcrlichem Gips\/Anhydritgestein und hat ein Kornspektrum von 0\u20132 mm. Es\u00a0ist f\u00fcr den Streuereinsatz gut geeignet. Gips ist ein Naturalsalz und ver\u00e4ndert den ph-Gehalt des Bodens nicht. Calcium dient als Baustein f\u00fcr die Br\u00fcckenbildung zwischen Ton und Humus [&hellip;]<\/p>","protected":false},"author":1,"featured_media":0,"parent":124,"menu_order":0,"comment_status":"closed","ping_status":"closed","template":"","meta":{"_et_pb_use_builder":"on","_et_pb_old_content":"","_et_gb_content_width":"","footnotes":""},"class_list":["post-137","page","type-page","status-publish","hentry"],"_links":{"self":[{"href":"https:\/\/engel-bergbau.de\/fr\/wp-json\/wp\/v2\/pages\/137","targetHints":{"allow":["GET"]}}],"collection":[{"href":"https:\/\/engel-bergbau.de\/fr\/wp-json\/wp\/v2\/pages"}],"about":[{"href":"https:\/\/engel-bergbau.de\/fr\/wp-json\/wp\/v2\/types\/page"}],"author":[{"embeddable":true,"href":"https:\/\/engel-bergbau.de\/fr\/wp-json\/wp\/v2\/users\/1"}],"replies":[{"embeddable":true,"href":"https:\/\/engel-bergbau.de\/fr\/wp-json\/wp\/v2\/comments?post=137"}],"version-history":[{"count":38,"href":"https:\/\/engel-bergbau.de\/fr\/wp-json\/wp\/v2\/pages\/137\/revisions"}],"predecessor-version":[{"id":1626,"href":"https:\/\/engel-bergbau.de\/fr\/wp-json\/wp\/v2\/pages\/137\/revisions\/1626"}],"up":[{"embeddable":true,"href":"https:\/\/engel-bergbau.de\/fr\/wp-json\/wp\/v2\/pages\/124"}],"wp:attachment":[{"href":"https:\/\/engel-bergbau.de\/fr\/wp-json\/wp\/v2\/media?parent=137"}],"curies":[{"name":"wp","href":"https:\/\/api.w.org\/{rel}","templated":true}]}}