{"id":150,"date":"2018-03-02T17:55:26","date_gmt":"2018-03-02T16:55:26","guid":{"rendered":"https:\/\/engel-bergbau.de\/?page_id=150"},"modified":"2025-11-27T15:10:00","modified_gmt":"2025-11-27T14:10:00","slug":"gipsabbau","status":"publish","type":"page","link":"https:\/\/engel-bergbau.de\/fr\/bergbau\/gipsabbau\/","title":{"rendered":"Extraction de gypse"},"content":{"rendered":"<p>[et_pb_section fb_built=&#8220;1&#8243; admin_label=&#8220;header_bergbau&#8220; _builder_version=&#8220;4.16&#8243; background_color=&#8220;#e2d4c0&#8243; background_image=&#8220;https:\/\/engel-bergbau.de\/wp-content\/uploads\/2018\/03\/Gipsberwerk_Engel_frontlader-orange.png&#8220; custom_margin=&#8220;|||&#8220; custom_padding=&#8220;10%|0px|10%|0px&#8220; global_colors_info=&#8220;{}&#8220;][\/et_pb_section][et_pb_section fb_built=&#8220;1&#8243; _builder_version=&#8220;4.16&#8243; custom_padding=&#8220;0px|0px|0|0px|false|false&#8220; global_colors_info=&#8220;{}&#8220;][et_pb_row _builder_version=&#8220;4.16&#8243; max_width=&#8220;842px&#8220; module_alignment=&#8220;center&#8220; custom_padding=&#8220;100px||29px||false|false&#8220; use_custom_width=&#8220;on&#8220; custom_width_px=&#8220;842px&#8220; global_colors_info=&#8220;{}&#8220;][et_pb_column type=&#8220;4_4&#8243; _builder_version=&#8220;4.16&#8243; custom_padding=&#8220;|||&#8220; global_colors_info=&#8220;{}&#8220; custom_padding__hover=&#8220;|||&#8220;][et_pb_text admin_label=&#8220;Tittle&#8220; _builder_version=&#8220;4.16&#8243; text_font=&#8220;Nunito||||||||&#8220; text_font_size=&#8220;18px&#8220; text_line_height=&#8220;1.8em&#8220; header_font=&#8220;||||||||&#8220; header_text_align=&#8220;center&#8220; header_3_font=&#8220;Oswald|||on|||||&#8220; header_3_font_size=&#8220;42px&#8220; header_3_letter_spacing=&#8220;2px&#8220; header_3_line_height=&#8220;1.5em&#8220; max_width=&#8220;600%&#8220; max_width_tablet=&#8220;&#8220; max_width_phone=&#8220;&#8220; max_width_last_edited=&#8220;on|phone&#8220; module_alignment=&#8220;left&#8220; custom_margin=&#8220;|||&#8220; locked=&#8220;off&#8220; global_colors_info=&#8220;{}&#8220;]<\/p>\n<h3 class=\"translation-block\">Extraction du gypse dans la mine \u00ab\u00a0Horst-Peter-Stollen\u00a0\u00bb<\/h3>\n<p class=\"p1\">Dans la mine \u00ab\u00a0Horst-Peter-Stollen\u00a0\u00bb le gisement est exploit\u00e9 dans des chambres d\u2019extraction \u00e0 piliers tourn\u00e9s.<\/p>\n<p class=\"p1\">Ce proc\u00e9d\u00e9 consiste \u00e0 cr\u00e9er, dans un premier temps, des pistes-tunnel en laissant en place des zones rocheuses formant des parall\u00e9l\u00e9pip\u00e8des rectangles ayant pour fonction de maintenir en place le \u00ab\u00a0toit\u00a0\u00bb rocheux d\u2019origine, \u00e9galement appel\u00e9 roche-couverture. En fonction de la nature du gisement, il arrive que la roche non cass\u00e9e lors de la cr\u00e9ation des tunnels soit extraite ult\u00e9rieurement.<\/p>\n<p class=\"p1\">La roche est g\u00e9n\u00e9ralement cass\u00e9e par forage ou explosion. Pour ce faire, des trous de mine sont perc\u00e9s avec des engins de forage, puis remplis de poudre explosive, par soufflage. Le dynamitage est effectu\u00e9 en fin de journ\u00e9e de travail. La quantit\u00e9 d'explosif et le point de d\u00e9tonation doivent \u00eatre r\u00e9gl\u00e9s de mani\u00e8re \u00e0 \u00e9viter toute d\u00e9gradation ou vibration forte.<\/p>\n<p class=\"p1\">La roche de gypse \/ d'anhydrite ainsi bris\u00e9e est enlev\u00e9e avec des chargeuses sur pneus, puis charg\u00e9e sur des camions \u00e0 benne basculante pour \u00eatre achemin\u00e9e vers la zone de traitement, o\u00f9 elle sera concass\u00e9e. Elle est ensuite stock\u00e9e dans des silos pour \u00eatre charg\u00e9e au moment de son exp\u00e9dition.<\/p>\n<p class=\"p1\">Appel\u00e9 \u00ab\u00a0roche-couverture\u00a0\u00bb par les mineurs, le toit de la mine est r\u00e9guli\u00e8rement inspect\u00e9 pour s\u2019assurer que celui-ci est stable et qu\u2019il n\u2019y a pas de risque d\u2019\u00e9boulement. Il existe cependant des zones o\u00f9 le soutien doit \u00eatre renforc\u00e9, par exemple sur les tron\u00e7ons des tunnels qui m\u00e8nent \u00e0 l\u2019int\u00e9rieur de la mine. Bien d\u2019autres op\u00e9rations encore sont n\u00e9cessaires pour assurer \u00e0 la fois la qualit\u00e9 du produit et la s\u00e9curit\u00e9 au travail, ainsi que la protection de l\u2019environnement et de la sant\u00e9.<\/p>\n<p>[\/et_pb_text][\/et_pb_column][\/et_pb_row][\/et_pb_section][et_pb_section fb_built=&#8220;1&#8243; _builder_version=&#8220;4.16&#8243; global_colors_info=&#8220;{}&#8220;][et_pb_row use_custom_gutter=&#8220;on&#8220; gutter_width=&#8220;1&#8243; make_equal=&#8220;on&#8220; _builder_version=&#8220;4.16&#8243; custom_margin=&#8220;|||&#8220; custom_padding=&#8220;|||&#8220; global_colors_info=&#8220;{}&#8220;][et_pb_column type=&#8220;4_4&#8243; _builder_version=&#8220;4.16&#8243; custom_padding=&#8220;|||&#8220; global_colors_info=&#8220;{}&#8220; custom_padding__hover=&#8220;|||&#8220;][et_pb_gallery gallery_ids=&#8220;1030,1025,1026,1024,1028,1031,1027,1029,1511,1513,1512&#8243; gallery_captions=&#8220;,,,,,,,&#8220; posts_number=&#8220;12&#8243; show_pagination=&#8220;off&#8220; _builder_version=&#8220;4.27.4&#8243; title_font=&#8220;||||||||&#8220; title_font_size=&#8220;13px&#8220; title_line_height=&#8220;1.5em&#8220; caption_font=&#8220;||||||||&#8220; custom_margin=&#8220;||10px|&#8220; custom_padding=&#8220;|||&#8220; border_width_all=&#8220;10px&#8220; border_color_all=&#8220;#ffffff&#8220; global_colors_info=&#8220;{}&#8220;][\/et_pb_gallery][\/et_pb_column][\/et_pb_row][et_pb_row _builder_version=&#8220;4.16&#8243; global_colors_info=&#8220;{}&#8220;][et_pb_column type=&#8220;4_4&#8243; _builder_version=&#8220;4.16&#8243; custom_padding=&#8220;|||&#8220; global_colors_info=&#8220;{}&#8220; custom_padding__hover=&#8220;|||&#8220;][et_pb_divider show_divider=&#8220;off&#8220; _builder_version=&#8220;4.16&#8243; global_colors_info=&#8220;{}&#8220;][\/et_pb_divider][\/et_pb_column][\/et_pb_row][et_pb_row _builder_version=&#8220;4.16&#8243; global_colors_info=&#8220;{}&#8220;][et_pb_column type=&#8220;4_4&#8243; _builder_version=&#8220;4.16&#8243; custom_padding=&#8220;|||&#8220; global_colors_info=&#8220;{}&#8220; custom_padding__hover=&#8220;|||&#8220;][et_pb_divider show_divider=&#8220;off&#8220; _builder_version=&#8220;4.16&#8243; global_colors_info=&#8220;{}&#8220;][\/et_pb_divider][\/et_pb_column][\/et_pb_row][\/et_pb_section][et_pb_section fb_built=&#8220;1&#8243; admin_label=&#8220;Footer&#8220; _builder_version=&#8220;3.0.105&#8243; background_color=&#8220;#afafaf&#8220; background_color_gradient_direction=&#8220;90deg&#8220; parallax=&#8220;on&#8220; custom_padding=&#8220;0px|0px|0px|0px&#8220; global_module=&#8220;279&#8243; saved_tabs=&#8220;all&#8220; locked=&#8220;off&#8220; global_colors_info=&#8220;{}&#8220;][et_pb_row column_structure=&#8220;1_3,1_3,1_3&#8243; use_custom_gutter=&#8220;on&#8220; gutter_width=&#8220;1&#8243; make_equal=&#8220;on&#8220; admin_label=&#8220;Footer Row&#8220; module_class=&#8220; et_pb_row_fullwidth&#8220; _builder_version=&#8220;4.16&#8243; width=&#8220;100%&#8220; width_tablet=&#8220;100%&#8220; width_phone=&#8220;&#8220; width_last_edited=&#8220;on|desktop&#8220; max_width=&#8220;100%&#8220; max_width_tablet=&#8220;100%&#8220; max_width_phone=&#8220;&#8220; max_width_last_edited=&#8220;on|desktop&#8220; custom_margin=&#8220;|||&#8220; custom_padding=&#8220;0px|0px|0px|0px&#8220; animation_style=&#8220;fade&#8220; make_fullwidth=&#8220;on&#8220; global_module=&#8220;1616&#8243; global_colors_info=&#8220;{}&#8220;][et_pb_column type=&#8220;1_3&#8243; _builder_version=&#8220;4.16&#8243; background_color=&#8220;rgba(114,114,114,0.99)&#8220; custom_padding=&#8220;30px|5%|10px|10%&#8220; custom_padding_tablet=&#8220;&#8220; custom_padding_phone=&#8220;&#8220; custom_padding_last_edited=&#8220;on|phone&#8220; global_colors_info=&#8220;{}&#8220; padding_last_edited=&#8220;on|phone&#8220; custom_padding__hover=&#8220;|||&#8220;][et_pb_text admin_label=&#8220;Tittle&#8220; _builder_version=&#8220;4.16&#8243; text_font=&#8220;Oswald||||&#8220; link_font=&#8220;||||||||&#8220; ul_font=&#8220;||||||||&#8220; ol_font=&#8220;||||||||&#8220; quote_font=&#8220;||||||||&#8220; header_font=&#8220;||||||||&#8220; header_2_font=&#8220;Oswald|||on|||||&#8220; header_2_text_align=&#8220;left&#8220; header_2_font_size=&#8220;40px&#8220; header_2_letter_spacing=&#8220;2px&#8220; header_2_line_height=&#8220;1.5em&#8220; background_layout=&#8220;dark&#8220; custom_margin=&#8220;||4%|&#8220; locked=&#8220;off&#8220; global_colors_info=&#8220;{}&#8220;]<\/p>\n<h2><span style=\"font-family: inherit; font-weight: normal; font-size: x-large;\">Nos bureaux<\/span><\/h2>\n<p>[\/et_pb_text][et_pb_text admin_label=&#8220;Texts&#8220; _builder_version=&#8220;4.27.4&#8243; text_font=&#8220;||||||||&#8220; link_font=&#8220;|600|||||||&#8220; link_text_color=&#8220;#e09900&#8243; header_font=&#8220;Oswald|||on|&#8220; header_text_color=&#8220;#DCA57D&#8220; header_font_size=&#8220;16px&#8220; header_letter_spacing=&#8220;2px&#8220; header_line_height=&#8220;1.7em&#8220; header_4_font=&#8220;Oswald|||on|||||&#8220; header_4_text_color=&#8220;#DCA57D&#8220; header_4_font_size=&#8220;16px&#8220; header_4_letter_spacing=&#8220;1px&#8220; header_4_line_height=&#8220;1.5em&#8220; background_layout=&#8220;dark&#8220; custom_margin=&#8220;||6%|&#8220; locked=&#8220;off&#8220; global_colors_info=&#8220;{}&#8220;]<\/p>\n<p>Gipsbergbau ENGEL GmbH<br \/>Auf der Hill 6 a<br \/>54295 Trier, Allemagne<br \/>T\u00e9l.\u00a0: +49 651 33131<br \/>Fax\u00a0: +49 651 308361<br \/><a href=\"mailto:info@engel-bergbau.de\">info@engel-bergbau.de<\/a><\/p>\n<p>[\/et_pb_text][\/et_pb_column][et_pb_column type=&#8220;1_3&#8243; _builder_version=&#8220;4.16&#8243; background_color=&#8220;rgba(114,114,114,0.99)&#8220; custom_padding=&#8220;30px|5%|10px|10%&#8220; global_colors_info=&#8220;{}&#8220; custom_padding__hover=&#8220;|||&#8220;][et_pb_text admin_label=&#8220;Tittle&#8220; _builder_version=&#8220;4.16&#8243; text_font=&#8220;Oswald||||&#8220; header_2_font=&#8220;Oswald|||on|||||&#8220; header_2_text_align=&#8220;left&#8220; header_2_font_size=&#8220;40px&#8220; header_2_letter_spacing=&#8220;2px&#8220; header_2_line_height=&#8220;1.5em&#8220; background_layout=&#8220;dark&#8220; custom_margin=&#8220;||4%|&#8220; custom_padding=&#8220;|10px||&#8220; locked=&#8220;off&#8220; global_colors_info=&#8220;{}&#8220;]<\/p>\n<h2><span style=\"font-family: inherit; font-weight: normal; font-size: x-large;\">Production<\/span><\/h2>\n<p>[\/et_pb_text][et_pb_text admin_label=&#8220;Texts&#8220; _builder_version=&#8220;4.16&#8243; link_font=&#8220;|600|||||||&#8220; link_text_color=&#8220;#e09900&#8243; header_font=&#8220;Oswald|||on|&#8220; header_text_color=&#8220;#dca57d&#8220; header_font_size=&#8220;16px&#8220; header_letter_spacing=&#8220;2px&#8220; header_line_height=&#8220;1.7em&#8220; header_4_font=&#8220;Oswald|||on|||||&#8220; header_4_text_color=&#8220;#dca57d&#8220; header_4_font_size=&#8220;16px&#8220; header_4_letter_spacing=&#8220;1px&#8220; header_4_line_height=&#8220;1.5em&#8220; background_layout=&#8220;dark&#8220; custom_margin=&#8220;||6%|&#8220; locked=&#8220;off&#8220; global_colors_info=&#8220;{}&#8220;]<\/p>\n<p>Gipsbergbau ENGEL GmbH<br \/> \u00ab\u00a0Horst-Peter-Stollen\u00a0\u00bb<br \/> Zur Gipsgrube 1<br \/> 54310 Ralingen, Allemagne<br \/> T\u00e9l.\u00a0: +49 6585 839<br \/> Fax\u00a0: +49 6585 991218<br \/> <a href=\"mailto:produktion@engel-bergbau.de\">produktion@engel-bergbau.de<\/a><\/p>\n<p>[\/et_pb_text][\/et_pb_column][et_pb_column type=&#8220;1_3&#8243; _builder_version=&#8220;4.16&#8243; background_color=&#8220;rgba(114,114,114,0.99)&#8220; custom_padding=&#8220;30px|5%|10px|10%&#8220; global_colors_info=&#8220;{}&#8220; custom_padding__hover=&#8220;|||&#8220;][et_pb_text admin_label=&#8220;Tittle&#8220; _builder_version=&#8220;4.16&#8243; text_font=&#8220;Oswald||||&#8220; header_2_font=&#8220;Oswald|||on|||||&#8220; header_2_text_align=&#8220;left&#8220; header_2_font_size=&#8220;40px&#8220; header_2_letter_spacing=&#8220;2px&#8220; header_2_line_height=&#8220;1.5em&#8220; background_layout=&#8220;dark&#8220; custom_margin=&#8220;||4%|&#8220; custom_padding=&#8220;|10px||&#8220; global_colors_info=&#8220;{}&#8220;]<\/p>\n<h2><span style=\"font-family: inherit; font-weight: normal; font-size: x-large;\">Liens<\/span><\/h2>\n<p>[\/et_pb_text][et_pb_text admin_label=&#8220;Texts&#8220; _builder_version=&#8220;4.27.4&#8243; link_font=&#8220;|600|||||||&#8220; link_text_color=&#8220;#e09900&#8243; header_font=&#8220;Oswald|||on|&#8220; header_text_color=&#8220;#dca57d&#8220; header_font_size=&#8220;16px&#8220; header_letter_spacing=&#8220;2px&#8220; header_line_height=&#8220;1.7em&#8220; header_4_font=&#8220;Oswald|||on|||||&#8220; header_4_text_color=&#8220;#dca57d&#8220; header_4_font_size=&#8220;16px&#8220; header_4_letter_spacing=&#8220;1px&#8220; header_4_line_height=&#8220;1.5em&#8220; background_layout=&#8220;dark&#8220; custom_margin=&#8220;||6%|&#8220; global_colors_info=&#8220;{}&#8220;]<\/p>\n<p><a href=\"https:\/\/engel-bergbau.de\/fr\/datenschutzerklaerung\/\">Protection des donn\u00e9es<\/a><\/p>\n<p><a href=\"https:\/\/engel-bergbau.de\/fr\/gipsbergwerk-engel-gmbh\/impressum\/\">Mentions l\u00e9gales<\/a><\/p>\n<p><a href=\"https:\/\/engel-bergbau.de\/fr\/gipsbergwerk-engel-gmbh\/kontakt-und-anfahrt\/\">Plan d'acc\u00e8s<\/a><\/p>\n<p>[\/et_pb_text][\/et_pb_column][\/et_pb_row][\/et_pb_section]<\/p>","protected":false},"excerpt":{"rendered":"<p>Gipsabbau im Bergwerk Horst-Peter-Stollen Im Bergwerk Horst-Peter-Stollen wird als Abbauverfahren der Kammerfestenbau angewendet. Stark vereinfacht beschrieben werden zun\u00e4chst \u00abtunnelartig\u00bb Strecken so erstellt, dass quaderf\u00f6rmige Bereiche der Lagerst\u00e4tte stehen bleiben. Diese nennt der Bergmann \u00abFesten\u00bb. Sie dienen dazu, dass das Deckgebirge an seiner Ausgangsposition verbleibt. Je nach Auspr\u00e4gung der Lagerst\u00e4tte kann es sich ergeben, dass sp\u00e4ter [&hellip;]<\/p>","protected":false},"author":1,"featured_media":0,"parent":17,"menu_order":0,"comment_status":"closed","ping_status":"closed","template":"","meta":{"_et_pb_use_builder":"on","_et_pb_old_content":"<div class=\"page\" title=\"Page 1\">\r\n<div class=\"section\">\r\n<div class=\"layoutArea\">\r\n<div class=\"column\">\r\n\r\nBergbau im Sauertal\r\n\r\n<\/div>\r\n<\/div>\r\n<\/div>\r\n<\/div>","_et_gb_content_width":"","footnotes":""},"class_list":["post-150","page","type-page","status-publish","hentry"],"_links":{"self":[{"href":"https:\/\/engel-bergbau.de\/fr\/wp-json\/wp\/v2\/pages\/150","targetHints":{"allow":["GET"]}}],"collection":[{"href":"https:\/\/engel-bergbau.de\/fr\/wp-json\/wp\/v2\/pages"}],"about":[{"href":"https:\/\/engel-bergbau.de\/fr\/wp-json\/wp\/v2\/types\/page"}],"author":[{"embeddable":true,"href":"https:\/\/engel-bergbau.de\/fr\/wp-json\/wp\/v2\/users\/1"}],"replies":[{"embeddable":true,"href":"https:\/\/engel-bergbau.de\/fr\/wp-json\/wp\/v2\/comments?post=150"}],"version-history":[{"count":47,"href":"https:\/\/engel-bergbau.de\/fr\/wp-json\/wp\/v2\/pages\/150\/revisions"}],"predecessor-version":[{"id":1641,"href":"https:\/\/engel-bergbau.de\/fr\/wp-json\/wp\/v2\/pages\/150\/revisions\/1641"}],"up":[{"embeddable":true,"href":"https:\/\/engel-bergbau.de\/fr\/wp-json\/wp\/v2\/pages\/17"}],"wp:attachment":[{"href":"https:\/\/engel-bergbau.de\/fr\/wp-json\/wp\/v2\/media?parent=150"}],"curies":[{"name":"wp","href":"https:\/\/api.w.org\/{rel}","templated":true}]}}