{"id":1528,"date":"2025-10-09T18:17:57","date_gmt":"2025-10-09T16:17:57","guid":{"rendered":"https:\/\/engel-bergbau.de\/?page_id=1528"},"modified":"2026-02-02T16:52:00","modified_gmt":"2026-02-02T15:52:00","slug":"karriere","status":"publish","type":"page","link":"https:\/\/engel-bergbau.de\/fr\/karriere\/","title":{"rendered":"Carri\u00e8re"},"content":{"rendered":"<p>[et_pb_section fb_built=&#8220;1&#8243; admin_label=&#8220;header_bergbau&#8220; _builder_version=&#8220;4.27.4&#8243; background_color=&#8220;#e2d4c0&#8243; background_image=&#8220;https:\/\/engel-bergbau.de\/wp-content\/uploads\/2018\/04\/Gipsbergbau-Engel-17_sauer_1920px.jpg&#8220; background_position=&#8220;bottom_center&#8220; background_vertical_offset=&#8220;3%&#8220; custom_margin=&#8220;|||&#8220; custom_padding=&#8220;10%|0px|10%|0px&#8220; global_colors_info=&#8220;{}&#8220;][et_pb_row _builder_version=&#8220;4.27.4&#8243; _module_preset=&#8220;default&#8220; animation_style=&#8220;fade&#8220; animation_duration=&#8220;2000ms&#8220; global_colors_info=&#8220;{}&#8220;][et_pb_column type=&#8220;4_4&#8243; _builder_version=&#8220;4.27.4&#8243; _module_preset=&#8220;default&#8220; global_colors_info=&#8220;{}&#8220;][et_pb_heading title=&#8220;Werde Teil unseres Teams&#8220; _builder_version=&#8220;4.27.4&#8243; _module_preset=&#8220;default&#8220; title_font=&#8220;|700||on|||||&#8220; title_text_align=&#8220;center&#8220; title_text_color=&#8220;#FFFFFF&#8220; title_font_size=&#8220;68px&#8220; animation_style=&#8220;fade&#8220; animation_duration=&#8220;1650ms&#8220; animation_delay=&#8220;750ms&#8220; global_colors_info=&#8220;{}&#8220;][\/et_pb_heading][\/et_pb_column][\/et_pb_row][\/et_pb_section][et_pb_section fb_built=&#8220;1&#8243; _builder_version=&#8220;4.16&#8243; global_colors_info=&#8220;{}&#8220;][et_pb_row _builder_version=&#8220;4.27.4&#8243; _module_preset=&#8220;default&#8220; global_colors_info=&#8220;{}&#8220;][et_pb_column type=&#8220;4_4&#8243; _builder_version=&#8220;4.27.4&#8243; _module_preset=&#8220;default&#8220; global_colors_info=&#8220;{}&#8220;][et_pb_text _builder_version=&#8220;4.27.4&#8243; _module_preset=&#8220;default&#8220; global_colors_info=&#8220;{}&#8220;][\/et_pb_text][\/et_pb_column][\/et_pb_row][et_pb_row _builder_version=&#8220;4.27.4&#8243; _module_preset=&#8220;default&#8220; max_width=&#8220;842px&#8220; custom_margin=&#8220;||||false|false&#8220; custom_padding=&#8220;||0px||false|false&#8220; global_colors_info=&#8220;{}&#8220;][et_pb_column type=&#8220;4_4&#8243; _builder_version=&#8220;4.27.4&#8243; _module_preset=&#8220;default&#8220; global_colors_info=&#8220;{}&#8220;][et_pb_heading title=&#8220;Aktuelle Jobangebote&#8220; _builder_version=&#8220;4.27.4&#8243; _module_preset=&#8220;default&#8220; title_font=&#8220;|600||on|||||&#8220; title_text_color=&#8220;#6d0f18&#8243; title_font_size=&#8220;44px&#8220; global_colors_info=&#8220;{}&#8220;][\/et_pb_heading][\/et_pb_column][\/et_pb_row][et_pb_row _builder_version=&#8220;4.27.4&#8243; _module_preset=&#8220;default&#8220; max_width=&#8220;842px&#8220; custom_padding=&#8220;10px||||false|false&#8220; global_colors_info=&#8220;{}&#8220;][et_pb_column type=&#8220;4_4&#8243; _builder_version=&#8220;4.27.4&#8243; _module_preset=&#8220;default&#8220; global_colors_info=&#8220;{}&#8220;][et_pb_text _builder_version=&#8220;4.27.4&#8243; _module_preset=&#8220;default&#8220; text_font_size=&#8220;16px&#8220; global_colors_info=&#8220;{}&#8220;]<\/p>\n<p><strong>Pour renforcer notre \u00e9quipe sur le site de Ralingen nous recrutons\u00a0:<\/strong><\/p>\n<p>[\/et_pb_text][\/et_pb_column][\/et_pb_row][et_pb_row column_structure=&#8220;1_2,1_2&#8243; _builder_version=&#8220;4.27.4&#8243; _module_preset=&#8220;default&#8220; max_width=&#8220;842px&#8220; global_colors_info=&#8220;{}&#8220;][et_pb_column type=&#8220;1_2&#8243; _builder_version=&#8220;4.27.4&#8243; _module_preset=&#8220;default&#8220; global_colors_info=&#8220;{}&#8220;][et_pb_text _builder_version=&#8220;4.27.5&#8243; _module_preset=&#8220;default&#8220; hover_enabled=&#8220;0&#8243; global_colors_info=&#8220;{}&#8220; sticky_enabled=&#8220;0&#8243;]<\/p>\n<h3 class=\"translation-block\"><span style=\"color: #6d0f18;text-transform: uppercase\"><b>Agent de production F\/H<\/b><\/span><br><\/h3>\n<h5><span style=\"color: #6d0f18; text-transform: uppercase;\">Vos fonctions\u00a0:<\/span><\/h5>\n<p>Bonne compr\u00e9hension technique<br>\n<br>\nConduite d\u2019engins de travaux publics et de mat\u00e9riels sp\u00e9cifiques \u2028<br>\n<br>Entretien et petites r\u00e9parations<\/p>\n<p>Conduite d'engins de g\u00e9nie civil et d'engins sp\u00e9ciaux<\/p>\n<p>Entretien et petites r\u00e9parations<\/p>\n<p>&nbsp;<\/p>\n<h5><span style=\"color: #6d0f18; text-transform: uppercase;\">Pr\u00e9requis\u00a0:<\/span><\/h5>\n<p>Capacit\u00e9 \u00e0 travailler de mani\u00e8re responsable, attentive et autonome<\/p>\n<p>Motivation et conscience des risques de s\u00e9curit\u00e9<\/p>\n<p>Bonne condition physique<\/p>\n<p>Formation technique sanctionn\u00e9e par un dipl\u00f4me<br \/>Profils atypiques bienvenus \u00e9galement<\/p>\n<p>Permis B<\/p>\n<p>&nbsp;<\/p>\n<p>[\/et_pb_text][\/et_pb_column][et_pb_column type=&#8220;1_2&#8243; _builder_version=&#8220;4.27.4&#8243; _module_preset=&#8220;default&#8220; global_colors_info=&#8220;{}&#8220;][\/et_pb_column][\/et_pb_row][et_pb_row column_structure=&#8220;1_2,1_2&#8243; _builder_version=&#8220;4.27.4&#8243; _module_preset=&#8220;default&#8220; background_color=&#8220;#e1e2dd&#8220; max_width=&#8220;842px&#8220; custom_padding=&#8220;20px|20px|20px|20px|false|false&#8220; global_colors_info=&#8220;{}&#8220;][et_pb_column type=&#8220;1_2&#8243; _builder_version=&#8220;4.27.4&#8243; _module_preset=&#8220;default&#8220; global_colors_info=&#8220;{}&#8220;][et_pb_text _builder_version=&#8220;4.27.4&#8243; _module_preset=&#8220;default&#8220; global_colors_info=&#8220;{}&#8220;]<\/p>\n<p><span style=\"color: #6d0f18; text-transform: uppercase;\"><b>Nous vous proposons\u00a0:<\/b><\/span><\/p>\n<p>Un travail int\u00e9ressant et vari\u00e9<\/p>\n<p class=\"translation-block\">Les avantages du syst\u00e8me d\u2019assurance-maladie des mineurs, cheminots et marins (Knappschaft-Bahn-See) \u2028(pensions de retraite plus \u00e9lev\u00e9es)<\/p>\n<p>Une r\u00e9mun\u00e9ration \u00e0 la hauteur de l\u2019engagement<\/p>\n<p>Des offres de formation continue<\/p>\n<p>[\/et_pb_text][\/et_pb_column][et_pb_column type=&#8220;1_2&#8243; _builder_version=&#8220;4.27.4&#8243; _module_preset=&#8220;default&#8220; global_colors_info=&#8220;{}&#8220;][et_pb_text _builder_version=&#8220;4.27.4&#8243; _module_preset=&#8220;default&#8220; global_colors_info=&#8220;{}&#8220;]<\/p>\n<h5><span style=\"color: #383838; text-transform: uppercase;\">Postulez d\u00e8s aujourd\u2019hui <br \/>et rejoignez notre \u00e9quipe\u00a0!<\/span><\/h5>\n<p><span style=\"color: #000000; text-transform: uppercase;\"><\/span><\/p>\n<p><span style=\"color: white; background-color: #6d0f18; padding: 5px; border: 1px solid #6d0f18; border-radius: 8px;\">info@engel-bergbau.de<\/span><\/p>\n<p>Gipsbergbau Engel GmbH, Postfach 16 26<br \/>54206 Tr\u00e8ves, Allemagne<\/p>\n<p>&nbsp;<\/p>\n<p>[\/et_pb_text][\/et_pb_column][\/et_pb_row][et_pb_row _builder_version=&#8220;4.27.4&#8243; _module_preset=&#8220;default&#8220; global_colors_info=&#8220;{}&#8220;][et_pb_column type=&#8220;4_4&#8243; _builder_version=&#8220;4.27.4&#8243; _module_preset=&#8220;default&#8220; global_colors_info=&#8220;{}&#8220;][et_pb_text _builder_version=&#8220;4.27.4&#8243; _module_preset=&#8220;default&#8220; global_colors_info=&#8220;{}&#8220;][\/et_pb_text][\/et_pb_column][\/et_pb_row][\/et_pb_section][et_pb_section fb_built=&#8220;1&#8243; _builder_version=&#8220;4.27.5&#8243; _module_preset=&#8220;default&#8220; global_colors_info=&#8220;{}&#8220;][et_pb_row column_structure=&#8220;1_3,1_3,1_3&#8243; use_custom_gutter=&#8220;on&#8220; gutter_width=&#8220;1&#8243; make_equal=&#8220;on&#8220; admin_label=&#8220;Footer Row&#8220; module_class=&#8220; et_pb_row_fullwidth&#8220; _builder_version=&#8220;4.16&#8243; width=&#8220;100%&#8220; width_tablet=&#8220;100%&#8220; width_phone=&#8220;&#8220; width_last_edited=&#8220;on|desktop&#8220; max_width=&#8220;100%&#8220; max_width_tablet=&#8220;100%&#8220; max_width_phone=&#8220;&#8220; max_width_last_edited=&#8220;on|desktop&#8220; custom_margin=&#8220;|||&#8220; custom_padding=&#8220;0px|0px|0px|0px&#8220; animation_style=&#8220;fade&#8220; make_fullwidth=&#8220;on&#8220; global_module=&#8220;1616&#8243; global_colors_info=&#8220;{}&#8220;][et_pb_column type=&#8220;1_3&#8243; _builder_version=&#8220;4.16&#8243; background_color=&#8220;rgba(114,114,114,0.99)&#8220; custom_padding=&#8220;30px|5%|10px|10%&#8220; custom_padding_tablet=&#8220;&#8220; custom_padding_phone=&#8220;&#8220; custom_padding_last_edited=&#8220;on|phone&#8220; global_colors_info=&#8220;{}&#8220; padding_last_edited=&#8220;on|phone&#8220; custom_padding__hover=&#8220;|||&#8220;][et_pb_text admin_label=&#8220;Tittle&#8220; _builder_version=&#8220;4.16&#8243; text_font=&#8220;Oswald||||&#8220; link_font=&#8220;||||||||&#8220; ul_font=&#8220;||||||||&#8220; ol_font=&#8220;||||||||&#8220; quote_font=&#8220;||||||||&#8220; header_font=&#8220;||||||||&#8220; header_2_font=&#8220;Oswald|||on|||||&#8220; header_2_text_align=&#8220;left&#8220; header_2_font_size=&#8220;40px&#8220; header_2_letter_spacing=&#8220;2px&#8220; header_2_line_height=&#8220;1.5em&#8220; background_layout=&#8220;dark&#8220; custom_margin=&#8220;||4%|&#8220; locked=&#8220;off&#8220; global_colors_info=&#8220;{}&#8220;]<\/p>\n<h2><span style=\"font-family: inherit; font-weight: normal; font-size: x-large;\">Nos bureaux<\/span><\/h2>\n<p>[\/et_pb_text][et_pb_text admin_label=&#8220;Texts&#8220; _builder_version=&#8220;4.27.4&#8243; text_font=&#8220;||||||||&#8220; link_font=&#8220;|600|||||||&#8220; link_text_color=&#8220;#e09900&#8243; header_font=&#8220;Oswald|||on|&#8220; header_text_color=&#8220;#DCA57D&#8220; header_font_size=&#8220;16px&#8220; header_letter_spacing=&#8220;2px&#8220; header_line_height=&#8220;1.7em&#8220; header_4_font=&#8220;Oswald|||on|||||&#8220; header_4_text_color=&#8220;#DCA57D&#8220; header_4_font_size=&#8220;16px&#8220; header_4_letter_spacing=&#8220;1px&#8220; header_4_line_height=&#8220;1.5em&#8220; background_layout=&#8220;dark&#8220; custom_margin=&#8220;||6%|&#8220; locked=&#8220;off&#8220; global_colors_info=&#8220;{}&#8220;]<\/p>\n<p>Gipsbergbau ENGEL GmbH<br \/>Auf der Hill 6 a<br \/>54295 Trier, Allemagne<br \/>T\u00e9l.\u00a0: +49 651 33131<br \/>Fax\u00a0: +49 651 308361<br \/><a href=\"mailto:info@engel-bergbau.de\">info@engel-bergbau.de<\/a><\/p>\n<p>[\/et_pb_text][\/et_pb_column][et_pb_column type=&#8220;1_3&#8243; _builder_version=&#8220;4.16&#8243; background_color=&#8220;rgba(114,114,114,0.99)&#8220; custom_padding=&#8220;30px|5%|10px|10%&#8220; global_colors_info=&#8220;{}&#8220; custom_padding__hover=&#8220;|||&#8220;][et_pb_text admin_label=&#8220;Tittle&#8220; _builder_version=&#8220;4.16&#8243; text_font=&#8220;Oswald||||&#8220; header_2_font=&#8220;Oswald|||on|||||&#8220; header_2_text_align=&#8220;left&#8220; header_2_font_size=&#8220;40px&#8220; header_2_letter_spacing=&#8220;2px&#8220; header_2_line_height=&#8220;1.5em&#8220; background_layout=&#8220;dark&#8220; custom_margin=&#8220;||4%|&#8220; custom_padding=&#8220;|10px||&#8220; locked=&#8220;off&#8220; global_colors_info=&#8220;{}&#8220;]<\/p>\n<h2><span style=\"font-family: inherit; font-weight: normal; font-size: x-large;\">Production<\/span><\/h2>\n<p>[\/et_pb_text][et_pb_text admin_label=&#8220;Texts&#8220; _builder_version=&#8220;4.16&#8243; link_font=&#8220;|600|||||||&#8220; link_text_color=&#8220;#e09900&#8243; header_font=&#8220;Oswald|||on|&#8220; header_text_color=&#8220;#dca57d&#8220; header_font_size=&#8220;16px&#8220; header_letter_spacing=&#8220;2px&#8220; header_line_height=&#8220;1.7em&#8220; header_4_font=&#8220;Oswald|||on|||||&#8220; header_4_text_color=&#8220;#dca57d&#8220; header_4_font_size=&#8220;16px&#8220; header_4_letter_spacing=&#8220;1px&#8220; header_4_line_height=&#8220;1.5em&#8220; background_layout=&#8220;dark&#8220; custom_margin=&#8220;||6%|&#8220; locked=&#8220;off&#8220; global_colors_info=&#8220;{}&#8220;]<\/p>\n<p>Gipsbergbau ENGEL GmbH<br \/> \u00ab\u00a0Horst-Peter-Stollen\u00a0\u00bb<br \/> Zur Gipsgrube 1<br \/> 54310 Ralingen, Allemagne<br \/> T\u00e9l.\u00a0: +49 6585 839<br \/> Fax\u00a0: +49 6585 991218<br \/> <a href=\"mailto:produktion@engel-bergbau.de\">produktion@engel-bergbau.de<\/a><\/p>\n<p>[\/et_pb_text][\/et_pb_column][et_pb_column type=&#8220;1_3&#8243; _builder_version=&#8220;4.16&#8243; background_color=&#8220;rgba(114,114,114,0.99)&#8220; custom_padding=&#8220;30px|5%|10px|10%&#8220; global_colors_info=&#8220;{}&#8220; custom_padding__hover=&#8220;|||&#8220;][et_pb_text admin_label=&#8220;Tittle&#8220; _builder_version=&#8220;4.16&#8243; text_font=&#8220;Oswald||||&#8220; header_2_font=&#8220;Oswald|||on|||||&#8220; header_2_text_align=&#8220;left&#8220; header_2_font_size=&#8220;40px&#8220; header_2_letter_spacing=&#8220;2px&#8220; header_2_line_height=&#8220;1.5em&#8220; background_layout=&#8220;dark&#8220; custom_margin=&#8220;||4%|&#8220; custom_padding=&#8220;|10px||&#8220; global_colors_info=&#8220;{}&#8220;]<\/p>\n<h2><span style=\"font-family: inherit; font-weight: normal; font-size: x-large;\">Liens<\/span><\/h2>\n<p>[\/et_pb_text][et_pb_text admin_label=&#8220;Texts&#8220; _builder_version=&#8220;4.27.4&#8243; link_font=&#8220;|600|||||||&#8220; link_text_color=&#8220;#e09900&#8243; header_font=&#8220;Oswald|||on|&#8220; header_text_color=&#8220;#dca57d&#8220; header_font_size=&#8220;16px&#8220; header_letter_spacing=&#8220;2px&#8220; header_line_height=&#8220;1.7em&#8220; header_4_font=&#8220;Oswald|||on|||||&#8220; header_4_text_color=&#8220;#dca57d&#8220; header_4_font_size=&#8220;16px&#8220; header_4_letter_spacing=&#8220;1px&#8220; header_4_line_height=&#8220;1.5em&#8220; background_layout=&#8220;dark&#8220; custom_margin=&#8220;||6%|&#8220; global_colors_info=&#8220;{}&#8220;]<\/p>\n<p><a href=\"https:\/\/engel-bergbau.de\/fr\/datenschutzerklaerung\/\">Protection des donn\u00e9es<\/a><\/p>\n<p><a href=\"https:\/\/engel-bergbau.de\/fr\/gipsbergwerk-engel-gmbh\/impressum\/\">Mentions l\u00e9gales<\/a><\/p>\n<p><a href=\"https:\/\/engel-bergbau.de\/fr\/gipsbergwerk-engel-gmbh\/kontakt-und-anfahrt\/\">Plan d'acc\u00e8s<\/a><\/p>\n<p>[\/et_pb_text][\/et_pb_column][\/et_pb_row][\/et_pb_section]<\/p>","protected":false},"excerpt":{"rendered":"<p>Zur Verst\u00e4rkung unseres Teams suchen wir f\u00fcr unseren Betrieb in RalingenMitarbeiter (m\/w\/d)f\u00fcr unsere Produktion Aufgaben: Technisches Verst\u00e4ndnisF\u00fchren von Tiefbau- und Spezialger\u00e4ten Instandhaltung und kleinere Reparaturen &nbsp; Voraussetzungen: Verantwortungsbewusstes, umsichtiges und selbst\u00e4ndiges Arbeiten Leistungsbereitschaft und Sicherheitsbewusstsein K\u00f6rperliche Fitness Abgeschlossene handwerkliche Ausbildung,gerne auch Quereinsteiger F\u00fchrerschein Klasse B &nbsp;Wir bieten: Interessante und abwechslungsreiche T\u00e4tigkeit Knappschaftlicher Betrieb (erh\u00f6hter Rentenanspruch) [&hellip;]<\/p>","protected":false},"author":2,"featured_media":0,"parent":0,"menu_order":0,"comment_status":"closed","ping_status":"closed","template":"","meta":{"_et_pb_use_builder":"on","_et_pb_old_content":"","_et_gb_content_width":"","footnotes":""},"class_list":["post-1528","page","type-page","status-publish","hentry"],"_links":{"self":[{"href":"https:\/\/engel-bergbau.de\/fr\/wp-json\/wp\/v2\/pages\/1528","targetHints":{"allow":["GET"]}}],"collection":[{"href":"https:\/\/engel-bergbau.de\/fr\/wp-json\/wp\/v2\/pages"}],"about":[{"href":"https:\/\/engel-bergbau.de\/fr\/wp-json\/wp\/v2\/types\/page"}],"author":[{"embeddable":true,"href":"https:\/\/engel-bergbau.de\/fr\/wp-json\/wp\/v2\/users\/2"}],"replies":[{"embeddable":true,"href":"https:\/\/engel-bergbau.de\/fr\/wp-json\/wp\/v2\/comments?post=1528"}],"version-history":[{"count":31,"href":"https:\/\/engel-bergbau.de\/fr\/wp-json\/wp\/v2\/pages\/1528\/revisions"}],"predecessor-version":[{"id":1678,"href":"https:\/\/engel-bergbau.de\/fr\/wp-json\/wp\/v2\/pages\/1528\/revisions\/1678"}],"wp:attachment":[{"href":"https:\/\/engel-bergbau.de\/fr\/wp-json\/wp\/v2\/media?parent=1528"}],"curies":[{"name":"wp","href":"https:\/\/api.w.org\/{rel}","templated":true}]}}